{"id":583,"date":"2023-08-08T09:37:44","date_gmt":"2023-08-08T09:37:44","guid":{"rendered":"https:\/\/www.demolfrank.be\/betrieb\/"},"modified":"2023-10-19T13:08:21","modified_gmt":"2023-10-19T13:08:21","slug":"betrieb","status":"publish","type":"page","link":"https:\/\/www.demolfrank.be\/de\/","title":{"rendered":"Betrieb"},"content":{"rendered":"\t\t<div data-elementor-type=\"wp-page\" data-elementor-id=\"583\" class=\"elementor elementor-583 elementor-14\" data-elementor-post-type=\"page\">\n\t\t\t\t<div class=\"elementor-element elementor-element-f712d8d e-flex e-con-boxed e-con e-parent\" data-id=\"f712d8d\" data-element_type=\"container\" data-settings=\"{&quot;background_background&quot;:&quot;classic&quot;}\">\n\t\t\t\t\t<div class=\"e-con-inner\">\n\t\t<div class=\"elementor-element elementor-element-328e274 e-flex e-con-boxed e-con e-child\" data-id=\"328e274\" data-element_type=\"container\" data-settings=\"{&quot;background_background&quot;:&quot;classic&quot;}\">\n\t\t\t\t\t<div class=\"e-con-inner\">\n\t\t\t\t<div class=\"elementor-element elementor-element-8cda78a elementor-widget elementor-widget-heading\" data-id=\"8cda78a\" data-element_type=\"widget\" data-widget_type=\"heading.default\">\n\t\t\t\t<div class=\"elementor-widget-container\">\n\t\t\t\t\t<h2 class=\"elementor-heading-title elementor-size-default\">IHRE SPEZIALISIERTE HEDERA LIEFERANT!\n<\/h2>\t\t\t\t<\/div>\n\t\t\t\t<\/div>\n\t\t\t\t\t<\/div>\n\t\t\t\t<\/div>\n\t\t\t\t\t<\/div>\n\t\t\t\t<\/div>\n\t\t<div class=\"elementor-element elementor-element-48aebff e-flex e-con-boxed e-con e-parent\" data-id=\"48aebff\" data-element_type=\"container\">\n\t\t\t\t\t<div class=\"e-con-inner\">\n\t\t\t\t<div class=\"elementor-element elementor-element-df53c19 elementor-widget elementor-widget-spacer\" data-id=\"df53c19\" data-element_type=\"widget\" data-widget_type=\"spacer.default\">\n\t\t\t\t<div class=\"elementor-widget-container\">\n\t\t\t\t\t\t\t<div class=\"elementor-spacer\">\n\t\t\t<div class=\"elementor-spacer-inner\"><\/div>\n\t\t<\/div>\n\t\t\t\t\t\t<\/div>\n\t\t\t\t<\/div>\n\t\t\t\t\t<\/div>\n\t\t\t\t<\/div>\n\t\t<div class=\"elementor-element elementor-element-1cbadee e-flex e-con-boxed e-con e-parent\" data-id=\"1cbadee\" data-element_type=\"container\">\n\t\t\t\t\t<div class=\"e-con-inner\">\n\t\t<div class=\"elementor-element elementor-element-5179e92 e-con-full e-flex e-con e-child\" data-id=\"5179e92\" data-element_type=\"container\">\n\t\t\t\t<div class=\"elementor-element elementor-element-a1502a2 elementor-widget elementor-widget-heading\" data-id=\"a1502a2\" data-element_type=\"widget\" data-widget_type=\"heading.default\">\n\t\t\t\t<div class=\"elementor-widget-container\">\n\t\t\t\t\t<h2 class=\"elementor-heading-title elementor-size-default\">Ihre spezialisierte Hedera Lieferant!\n<\/h2>\t\t\t\t<\/div>\n\t\t\t\t<\/div>\n\t\t\t\t<div class=\"elementor-element elementor-element-a86efed elementor-widget elementor-widget-text-editor\" data-id=\"a86efed\" data-element_type=\"widget\" data-widget_type=\"text-editor.default\">\n\t\t\t\t<div class=\"elementor-widget-container\">\n\t\t\t\t\t\t\t\t\t<p>J\u00e4hrlich werden hier f\u00fcr Sie ca. 2.000.000 Hederas in Gew\u00e4chsh\u00e4usern mit einer Gesamtfl\u00e4che von 11.000 m\u00b2 angebaut. Nebenerzeugnisse wie Ceropegia, Nepenthes, Senecio, Davallia, \u2026 (Sortiment anzeigen) werden in kleineren Mengen in gemieteten Gew\u00e4chsh\u00e4usern angebaut und stellen eine attraktive Erg\u00e4nzung unseres Sortiments dar. Durch einen ausgereiften Anbauplan k\u00f6nnen wir ganzj\u00e4hrig Hederas in allen Farben, Topfgr\u00f6\u00dfen und Formen liefern.. Wir widmen der Qualit\u00e4t unserer Pflanzen und unserem Service eine hohe Aufmerksamkeit.  <\/p>\n<p>Unter anderem durch die erforderliche Innovation k\u00f6nnen Sie deshalb stets sicher sein, dass wir Ihnen qualitativ hochstehende Produkte bieten. <\/p>\n<p><strong>Wir sind gerne Ihre spezialisierte Hedera Lieferant!<\/strong><\/p>\n\t\t\t\t\t\t\t\t<\/div>\n\t\t\t\t<\/div>\n\t\t\t\t<\/div>\n\t\t<div class=\"elementor-element elementor-element-5ab7e82 e-con-full e-flex e-con e-child\" data-id=\"5ab7e82\" data-element_type=\"container\">\n\t\t\t\t<div class=\"elementor-element elementor-element-673437c elementor-widget elementor-widget-video\" data-id=\"673437c\" data-element_type=\"widget\" data-settings=\"{&quot;youtube_url&quot;:&quot;https:\\\/\\\/youtu.be\\\/q75AInzgQTU?si=dJ2bSWKrTnWfXlj2&quot;,&quot;video_type&quot;:&quot;youtube&quot;}\" data-widget_type=\"video.default\">\n\t\t\t\t<div class=\"elementor-widget-container\">\n\t\t\t\t\t\t\t<div class=\"elementor-wrapper elementor-open-inline\">\n\t\t\t<div class=\"elementor-video\"><\/div>\t\t<\/div>\n\t\t\t\t\t\t<\/div>\n\t\t\t\t<\/div>\n\t\t\t\t<\/div>\n\t\t\t\t\t<\/div>\n\t\t\t\t<\/div>\n\t\t<div class=\"elementor-element elementor-element-97a5341 e-flex e-con-boxed e-con e-parent\" data-id=\"97a5341\" data-element_type=\"container\">\n\t\t\t\t\t<div class=\"e-con-inner\">\n\t\t\t\t<div class=\"elementor-element elementor-element-e8ff1be elementor-widget elementor-widget-spacer\" data-id=\"e8ff1be\" data-element_type=\"widget\" data-widget_type=\"spacer.default\">\n\t\t\t\t<div class=\"elementor-widget-container\">\n\t\t\t\t\t\t\t<div class=\"elementor-spacer\">\n\t\t\t<div class=\"elementor-spacer-inner\"><\/div>\n\t\t<\/div>\n\t\t\t\t\t\t<\/div>\n\t\t\t\t<\/div>\n\t\t\t\t\t<\/div>\n\t\t\t\t<\/div>\n\t\t<div class=\"elementor-element elementor-element-fff3db3 e-flex e-con-boxed e-con e-parent\" data-id=\"fff3db3\" data-element_type=\"container\" data-settings=\"{&quot;background_background&quot;:&quot;classic&quot;}\">\n\t\t\t\t\t<div class=\"e-con-inner\">\n\t\t\t\t<div class=\"elementor-element elementor-element-01ec2d6 elementor-blockquote--skin-quotation elementor-blockquote--align-center elementor-widget elementor-widget-blockquote\" data-id=\"01ec2d6\" data-element_type=\"widget\" data-widget_type=\"blockquote.default\">\n\t\t\t\t<div class=\"elementor-widget-container\">\n\t\t\t\t\t\t\t<blockquote class=\"elementor-blockquote\">\n\t\t\t<p class=\"elementor-blockquote__content\">\n\t\t\t\tEs ist nicht die st\u00e4rkste Spezies die \u00fcberlebt auch nicht die intelligenteste sondern eher diejenige die am ehesten bereit ist sich zu ver\u00e4ndern. \t\t\t<\/p>\n\t\t\t\t\t\t\t<div class=\"e-q-footer\">\n\t\t\t\t\t\t\t\t\t\t\t<cite class=\"elementor-blockquote__author\">- Charles Darwin -<\/cite>\n\t\t\t\t\t\t\t\t\t\t\t\t\t\t<\/div>\n\t\t\t\t\t<\/blockquote>\n\t\t\t\t\t\t<\/div>\n\t\t\t\t<\/div>\n\t\t\t\t\t<\/div>\n\t\t\t\t<\/div>\n\t\t\t\t<\/div>\n\t\t","protected":false},"excerpt":{"rendered":"<p>IHRE SPEZIALISIERTE HEDERA LIEFERANT! Ihre spezialisierte Hedera Lieferant! J\u00e4hrlich werden hier f\u00fcr Sie ca. 2.000.000 Hederas in Gew\u00e4chsh\u00e4usern mit einer Gesamtfl\u00e4che von 11.000 m\u00b2 angebaut. Nebenerzeugnisse wie Ceropegia, Nepenthes, Senecio, Davallia, \u2026 (Sortiment anzeigen) werden in kleineren Mengen in gemieteten Gew\u00e4chsh\u00e4usern angebaut und stellen eine attraktive Erg\u00e4nzung unseres Sortiments dar. Durch einen ausgereiften Anbauplan k\u00f6nnen &hellip; <a href=\"https:\/\/www.demolfrank.be\/de\/\" class=\"more-link\">Continue reading<span class=\"screen-reader-text\"> &#8220;Betrieb&#8221;<\/span><\/a><\/p>\n","protected":false},"author":1,"featured_media":0,"parent":0,"menu_order":0,"comment_status":"closed","ping_status":"closed","template":"","meta":{"_acf_changed":false,"footnotes":""},"class_list":["post-583","page","type-page","status-publish","hentry"],"acf":[],"yoast_head":"<!-- This site is optimized with the Yoast SEO plugin v26.5 - https:\/\/yoast.com\/wordpress\/plugins\/seo\/ -->\n<title>Betrieb - demolfrank<\/title>\n<meta name=\"robots\" content=\"index, follow, max-snippet:-1, max-image-preview:large, max-video-preview:-1\" \/>\n<link rel=\"canonical\" href=\"https:\/\/www.demolfrank.be\/de\/\" \/>\n<meta property=\"og:locale\" content=\"de_DE\" \/>\n<meta property=\"og:type\" content=\"article\" \/>\n<meta property=\"og:title\" content=\"Betrieb - demolfrank\" \/>\n<meta property=\"og:description\" content=\"IHRE SPEZIALISIERTE HEDERA LIEFERANT! Ihre spezialisierte Hedera Lieferant! J\u00e4hrlich werden hier f\u00fcr Sie ca. 2.000.000 Hederas in Gew\u00e4chsh\u00e4usern mit einer Gesamtfl\u00e4che von 11.000 m\u00b2 angebaut. Nebenerzeugnisse wie Ceropegia, Nepenthes, Senecio, Davallia, \u2026 (Sortiment anzeigen) werden in kleineren Mengen in gemieteten Gew\u00e4chsh\u00e4usern angebaut und stellen eine attraktive Erg\u00e4nzung unseres Sortiments dar. Durch einen ausgereiften Anbauplan k\u00f6nnen &hellip; Continue reading &quot;Betrieb&quot;\" \/>\n<meta property=\"og:url\" content=\"https:\/\/www.demolfrank.be\/de\/\" \/>\n<meta property=\"og:site_name\" content=\"demolfrank\" \/>\n<meta property=\"article:modified_time\" content=\"2023-10-19T13:08:21+00:00\" \/>\n<meta name=\"twitter:card\" content=\"summary_large_image\" \/>\n<meta name=\"twitter:label1\" content=\"Est. reading time\" \/>\n\t<meta name=\"twitter:data1\" content=\"1 minute\" \/>\n<script type=\"application\/ld+json\" class=\"yoast-schema-graph\">{\"@context\":\"https:\/\/schema.org\",\"@graph\":[{\"@type\":\"WebPage\",\"@id\":\"https:\/\/www.demolfrank.be\/de\/\",\"url\":\"https:\/\/www.demolfrank.be\/de\/\",\"name\":\"Betrieb - demolfrank\",\"isPartOf\":{\"@id\":\"https:\/\/www.demolfrank.be\/de\/#website\"},\"datePublished\":\"2023-08-08T09:37:44+00:00\",\"dateModified\":\"2023-10-19T13:08:21+00:00\",\"breadcrumb\":{\"@id\":\"https:\/\/www.demolfrank.be\/de\/#breadcrumb\"},\"inLanguage\":\"de-DE\",\"potentialAction\":[{\"@type\":\"ReadAction\",\"target\":[\"https:\/\/www.demolfrank.be\/de\/\"]}]},{\"@type\":\"BreadcrumbList\",\"@id\":\"https:\/\/www.demolfrank.be\/de\/#breadcrumb\",\"itemListElement\":[{\"@type\":\"ListItem\",\"position\":1,\"name\":\"Home\",\"item\":\"https:\/\/www.demolfrank.be\/de\/betrieb\/\"},{\"@type\":\"ListItem\",\"position\":2,\"name\":\"Betrieb\"}]},{\"@type\":\"WebSite\",\"@id\":\"https:\/\/www.demolfrank.be\/de\/#website\",\"url\":\"https:\/\/www.demolfrank.be\/de\/\",\"name\":\"demolfrank\",\"description\":\"\",\"publisher\":{\"@id\":\"https:\/\/www.demolfrank.be\/de\/#organization\"},\"potentialAction\":[{\"@type\":\"SearchAction\",\"target\":{\"@type\":\"EntryPoint\",\"urlTemplate\":\"https:\/\/www.demolfrank.be\/de\/?s={search_term_string}\"},\"query-input\":{\"@type\":\"PropertyValueSpecification\",\"valueRequired\":true,\"valueName\":\"search_term_string\"}}],\"inLanguage\":\"de-DE\"},{\"@type\":\"Organization\",\"@id\":\"https:\/\/www.demolfrank.be\/de\/#organization\",\"name\":\"demolfrank\",\"url\":\"https:\/\/www.demolfrank.be\/de\/\",\"logo\":{\"@type\":\"ImageObject\",\"inLanguage\":\"de-DE\",\"@id\":\"https:\/\/www.demolfrank.be\/de\/#\/schema\/logo\/image\/\",\"url\":\"https:\/\/www.demolfrank.be\/wp-content\/uploads\/2023\/10\/logo2.png\",\"contentUrl\":\"https:\/\/www.demolfrank.be\/wp-content\/uploads\/2023\/10\/logo2.png\",\"width\":398,\"height\":116,\"caption\":\"demolfrank\"},\"image\":{\"@id\":\"https:\/\/www.demolfrank.be\/de\/#\/schema\/logo\/image\/\"}}]}<\/script>\n<!-- \/ Yoast SEO plugin. -->","yoast_head_json":{"title":"Betrieb - demolfrank","robots":{"index":"index","follow":"follow","max-snippet":"max-snippet:-1","max-image-preview":"max-image-preview:large","max-video-preview":"max-video-preview:-1"},"canonical":"https:\/\/www.demolfrank.be\/de\/","og_locale":"de_DE","og_type":"article","og_title":"Betrieb - demolfrank","og_description":"IHRE SPEZIALISIERTE HEDERA LIEFERANT! Ihre spezialisierte Hedera Lieferant! J\u00e4hrlich werden hier f\u00fcr Sie ca. 2.000.000 Hederas in Gew\u00e4chsh\u00e4usern mit einer Gesamtfl\u00e4che von 11.000 m\u00b2 angebaut. Nebenerzeugnisse wie Ceropegia, Nepenthes, Senecio, Davallia, \u2026 (Sortiment anzeigen) werden in kleineren Mengen in gemieteten Gew\u00e4chsh\u00e4usern angebaut und stellen eine attraktive Erg\u00e4nzung unseres Sortiments dar. Durch einen ausgereiften Anbauplan k\u00f6nnen &hellip; Continue reading \"Betrieb\"","og_url":"https:\/\/www.demolfrank.be\/de\/","og_site_name":"demolfrank","article_modified_time":"2023-10-19T13:08:21+00:00","twitter_card":"summary_large_image","twitter_misc":{"Est. reading time":"1 minute"},"schema":{"@context":"https:\/\/schema.org","@graph":[{"@type":"WebPage","@id":"https:\/\/www.demolfrank.be\/de\/","url":"https:\/\/www.demolfrank.be\/de\/","name":"Betrieb - demolfrank","isPartOf":{"@id":"https:\/\/www.demolfrank.be\/de\/#website"},"datePublished":"2023-08-08T09:37:44+00:00","dateModified":"2023-10-19T13:08:21+00:00","breadcrumb":{"@id":"https:\/\/www.demolfrank.be\/de\/#breadcrumb"},"inLanguage":"de-DE","potentialAction":[{"@type":"ReadAction","target":["https:\/\/www.demolfrank.be\/de\/"]}]},{"@type":"BreadcrumbList","@id":"https:\/\/www.demolfrank.be\/de\/#breadcrumb","itemListElement":[{"@type":"ListItem","position":1,"name":"Home","item":"https:\/\/www.demolfrank.be\/de\/betrieb\/"},{"@type":"ListItem","position":2,"name":"Betrieb"}]},{"@type":"WebSite","@id":"https:\/\/www.demolfrank.be\/de\/#website","url":"https:\/\/www.demolfrank.be\/de\/","name":"demolfrank","description":"","publisher":{"@id":"https:\/\/www.demolfrank.be\/de\/#organization"},"potentialAction":[{"@type":"SearchAction","target":{"@type":"EntryPoint","urlTemplate":"https:\/\/www.demolfrank.be\/de\/?s={search_term_string}"},"query-input":{"@type":"PropertyValueSpecification","valueRequired":true,"valueName":"search_term_string"}}],"inLanguage":"de-DE"},{"@type":"Organization","@id":"https:\/\/www.demolfrank.be\/de\/#organization","name":"demolfrank","url":"https:\/\/www.demolfrank.be\/de\/","logo":{"@type":"ImageObject","inLanguage":"de-DE","@id":"https:\/\/www.demolfrank.be\/de\/#\/schema\/logo\/image\/","url":"https:\/\/www.demolfrank.be\/wp-content\/uploads\/2023\/10\/logo2.png","contentUrl":"https:\/\/www.demolfrank.be\/wp-content\/uploads\/2023\/10\/logo2.png","width":398,"height":116,"caption":"demolfrank"},"image":{"@id":"https:\/\/www.demolfrank.be\/de\/#\/schema\/logo\/image\/"}}]}},"_links":{"self":[{"href":"https:\/\/www.demolfrank.be\/de\/wp-json\/wp\/v2\/pages\/583","targetHints":{"allow":["GET"]}}],"collection":[{"href":"https:\/\/www.demolfrank.be\/de\/wp-json\/wp\/v2\/pages"}],"about":[{"href":"https:\/\/www.demolfrank.be\/de\/wp-json\/wp\/v2\/types\/page"}],"author":[{"embeddable":true,"href":"https:\/\/www.demolfrank.be\/de\/wp-json\/wp\/v2\/users\/1"}],"replies":[{"embeddable":true,"href":"https:\/\/www.demolfrank.be\/de\/wp-json\/wp\/v2\/comments?post=583"}],"version-history":[{"count":0,"href":"https:\/\/www.demolfrank.be\/de\/wp-json\/wp\/v2\/pages\/583\/revisions"}],"wp:attachment":[{"href":"https:\/\/www.demolfrank.be\/de\/wp-json\/wp\/v2\/media?parent=583"}],"curies":[{"name":"wp","href":"https:\/\/api.w.org\/{rel}","templated":true}]}}