{"id":660,"date":"2023-08-08T09:39:11","date_gmt":"2023-08-08T09:39:11","guid":{"rendered":"https:\/\/www.demolfrank.be\/breathe-nature\/"},"modified":"2025-01-03T14:37:10","modified_gmt":"2025-01-03T14:37:10","slug":"breathe-nature","status":"publish","type":"page","link":"https:\/\/www.demolfrank.be\/de\/breathe-nature\/","title":{"rendered":"Breathe Nature"},"content":{"rendered":"\t\t<div data-elementor-type=\"wp-page\" data-elementor-id=\"660\" class=\"elementor elementor-660 elementor-18\" data-elementor-post-type=\"page\">\n\t\t\t\t<div class=\"elementor-element elementor-element-017efa0 e-con-full e-flex e-con e-parent\" data-id=\"017efa0\" data-element_type=\"container\">\n\t\t\t\t<div class=\"elementor-element elementor-element-a0aff34 elementor--h-position-left elementor--v-position-bottom elementor-arrows-position-inside elementor-pagination-position-inside elementor-widget elementor-widget-slides\" data-id=\"a0aff34\" data-element_type=\"widget\" data-settings=\"{&quot;transition&quot;:&quot;fade&quot;,&quot;navigation&quot;:&quot;both&quot;,&quot;autoplay&quot;:&quot;yes&quot;,&quot;pause_on_hover&quot;:&quot;yes&quot;,&quot;pause_on_interaction&quot;:&quot;yes&quot;,&quot;autoplay_speed&quot;:5000,&quot;infinite&quot;:&quot;yes&quot;,&quot;transition_speed&quot;:500}\" data-widget_type=\"slides.default\">\n\t\t\t\t<div class=\"elementor-widget-container\">\n\t\t\t\t\t\t\t\t\t<div class=\"elementor-swiper\">\n\t\t\t\t\t<div class=\"elementor-slides-wrapper elementor-main-swiper swiper\" role=\"region\" aria-roledescription=\"carousel\" aria-label=\"Slides\" dir=\"ltr\" data-animation=\"fadeInUp\">\n\t\t\t\t<div class=\"swiper-wrapper elementor-slides\">\n\t\t\t\t\t\t\t\t\t\t<div class=\"elementor-repeater-item-416d5c7 swiper-slide\" role=\"group\" aria-roledescription=\"slide\"><div class=\"swiper-slide-bg elementor-ken-burns elementor-ken-burns--in\" role=\"img\" aria-label=\"slide01\"><\/div><div class=\"swiper-slide-inner\" ><div class=\"swiper-slide-contents\"><\/div><\/div><\/div><div class=\"elementor-repeater-item-d816753 swiper-slide\" role=\"group\" aria-roledescription=\"slide\"><div class=\"swiper-slide-bg elementor-ken-burns elementor-ken-burns--in\" role=\"img\" aria-label=\"slide02\"><\/div><div class=\"swiper-slide-inner\" ><div class=\"swiper-slide-contents\"><div class=\"elementor-slide-heading\">Jeden Tag atmen wir mehr als 500 Liter reinen Sauerstoff ein!<\/div><\/div><\/div><\/div><div class=\"elementor-repeater-item-23402dc swiper-slide\" role=\"group\" aria-roledescription=\"slide\"><div class=\"swiper-slide-bg elementor-ken-burns elementor-ken-burns--in\" role=\"img\" aria-label=\"slide03\"><\/div><div class=\"swiper-slide-inner\" ><div class=\"swiper-slide-contents\"><div class=\"elementor-slide-heading\">Ein Baum kann bis zu 20 Kilogramm Kohlendioxid pro Jahr aufnehmen<\/div><\/div><\/div><\/div><div class=\"elementor-repeater-item-e54c6c8 swiper-slide\" role=\"group\" aria-roledescription=\"slide\"><div class=\"swiper-slide-bg elementor-ken-burns elementor-ken-burns--in\" role=\"img\" aria-label=\"oprit\"><\/div><div class=\"swiper-slide-inner\" ><div class=\"swiper-slide-contents\"><div class=\"elementor-slide-heading\">Wir alle wissen, dass wir unsere B\u00e4ume im Freien pflegen m\u00fcssen, aber auch in Innenr\u00e4umen tragen Pflanzen zu einer gesunden Lebensqualit\u00e4t bei<\/div><\/div><\/div><\/div><div class=\"elementor-repeater-item-94671c9 swiper-slide\" role=\"group\" aria-roledescription=\"slide\"><div class=\"swiper-slide-bg elementor-ken-burns elementor-ken-burns--in\" role=\"img\" aria-label=\"slide05\"><\/div><div class=\"swiper-slide-inner\" ><div class=\"swiper-slide-contents\"><div class=\"elementor-slide-heading\">Wie Trinkwasser haben wir auch ein Recht auf saubere Luft<\/div><\/div><\/div><\/div><div class=\"elementor-repeater-item-62c7b73 swiper-slide\" role=\"group\" aria-roledescription=\"slide\"><div class=\"swiper-slide-bg elementor-ken-burns elementor-ken-burns--in\" role=\"img\" aria-label=\"slide06\"><\/div><div class=\"swiper-slide-inner\" ><div class=\"swiper-slide-contents\"><div class=\"elementor-slide-heading\">Windstr\u00f6mungen transportieren verschmutzte Luft sogar in die Polarregionen<\/div><\/div><\/div><\/div><div class=\"elementor-repeater-item-18b8347 swiper-slide\" role=\"group\" aria-roledescription=\"slide\"><div class=\"swiper-slide-bg elementor-ken-burns elementor-ken-burns--in\" role=\"img\" aria-label=\"slide08\"><\/div><div class=\"swiper-slide-inner\" ><div class=\"swiper-slide-contents\"><div class=\"elementor-slide-heading\">Pflanzen bauen bestimmte chemische Verbindungen ab und reinigen so die Luft<\/div><\/div><\/div><\/div><div class=\"elementor-repeater-item-9a0a2d6 swiper-slide\" role=\"group\" aria-roledescription=\"slide\"><div class=\"swiper-slide-bg elementor-ken-burns elementor-ken-burns--in\" role=\"img\" aria-label=\"slide09\"><\/div><div class=\"swiper-slide-inner\" ><div class=\"swiper-slide-contents\"><div class=\"elementor-slide-heading\">Um die positiven Auswirkungen von Pflanzen zu unterstreichen, haben wir das Label \u201eBreathe Nature\u201c eingef\u00fchrt.<\/div><\/div><\/div><\/div><div class=\"elementor-repeater-item-b166eb4 swiper-slide\" role=\"group\" aria-roledescription=\"slide\"><div class=\"swiper-slide-bg elementor-ken-burns elementor-ken-burns--in\" role=\"img\" aria-label=\"uitzicht slaapkamer\"><\/div><div class=\"swiper-slide-inner\" ><div class=\"swiper-slide-contents\"><div class=\"elementor-slide-heading\">Halten Sie Ihre Wohn- und Arbeitsr\u00e4ume gesund<\/div><\/div><\/div><\/div><div class=\"elementor-repeater-item-92d6dc8 swiper-slide\" role=\"group\" aria-roledescription=\"slide\"><div class=\"swiper-slide-bg elementor-ken-burns elementor-ken-burns--in\" role=\"img\" aria-label=\"slide11\"><\/div><div class=\"swiper-slide-inner\" ><div class=\"swiper-slide-contents\"><div class=\"elementor-slide-heading\">Pflegen Sie eine unserer 'Breathe Nature'-Pflanzen<\/div><\/div><\/div><\/div>\t\t\t\t<\/div>\n\t\t\t\t\t\t\t\t\t\t\t\t\t\t\t<div class=\"elementor-swiper-button elementor-swiper-button-prev\" role=\"button\" tabindex=\"0\" aria-label=\"Previous slide\">\n\t\t\t\t\t\t\t<i aria-hidden=\"true\" class=\"eicon-chevron-left\"><\/i>\t\t\t\t\t\t<\/div>\n\t\t\t\t\t\t<div class=\"elementor-swiper-button elementor-swiper-button-next\" role=\"button\" tabindex=\"0\" aria-label=\"Next slide\">\n\t\t\t\t\t\t\t<i aria-hidden=\"true\" class=\"eicon-chevron-right\"><\/i>\t\t\t\t\t\t<\/div>\n\t\t\t\t\t\t\t\t\t\t\t\t\t\t\t\t<div class=\"swiper-pagination\"><\/div>\n\t\t\t\t\t\t\t\t\t\t\t\t<\/div>\n\t\t\t\t<\/div>\n\t\t\t\t\t\t\t\t<\/div>\n\t\t\t\t<\/div>\n\t\t\t\t<\/div>\n\t\t<div class=\"elementor-element elementor-element-d6f9ab7 e-flex e-con-boxed e-con e-parent\" data-id=\"d6f9ab7\" data-element_type=\"container\">\n\t\t\t\t\t<div class=\"e-con-inner\">\n\t\t\t\t<div class=\"elementor-element elementor-element-e0645ff elementor-widget elementor-widget-spacer\" data-id=\"e0645ff\" data-element_type=\"widget\" data-widget_type=\"spacer.default\">\n\t\t\t\t<div class=\"elementor-widget-container\">\n\t\t\t\t\t\t\t<div class=\"elementor-spacer\">\n\t\t\t<div class=\"elementor-spacer-inner\"><\/div>\n\t\t<\/div>\n\t\t\t\t\t\t<\/div>\n\t\t\t\t<\/div>\n\t\t\t\t\t<\/div>\n\t\t\t\t<\/div>\n\t\t<div class=\"elementor-element elementor-element-9ec02a0 e-flex e-con-boxed e-con e-parent\" data-id=\"9ec02a0\" data-element_type=\"container\" data-settings=\"{&quot;background_background&quot;:&quot;classic&quot;}\">\n\t\t\t\t\t<div class=\"e-con-inner\">\n\t\t<div class=\"elementor-element elementor-element-528ea10 e-flex e-con-boxed e-con e-child\" data-id=\"528ea10\" data-element_type=\"container\" data-settings=\"{&quot;background_background&quot;:&quot;classic&quot;}\">\n\t\t\t\t\t<div class=\"e-con-inner\">\n\t\t\t\t<div class=\"elementor-element elementor-element-a3b1656 elementor-widget elementor-widget-heading\" data-id=\"a3b1656\" data-element_type=\"widget\" data-widget_type=\"heading.default\">\n\t\t\t\t<div class=\"elementor-widget-container\">\n\t\t\t\t\t<h3 class=\"elementor-heading-title elementor-size-default\">Breathe nature collections<\/h3>\t\t\t\t<\/div>\n\t\t\t\t<\/div>\n\t\t\t\t<div class=\"elementor-element elementor-element-7386453 elementor-widget elementor-widget-shortcode\" data-id=\"7386453\" data-element_type=\"widget\" data-widget_type=\"shortcode.default\">\n\t\t\t\t<div class=\"elementor-widget-container\">\n\t\t\t\t\t\t\t<div class=\"elementor-shortcode\"><div id=\"appearhere\"><\/div><div class=\"breathe-wrap\">\n  <div class=\"breathe-inner\"><div class=\"breathe-bl\">\n      \t<a href=\"javascript:void(0);\" class=\"overlay\" data-link=\"https:\/\/www.demolfrank.be\/de\/breathe-nature-plant\/breathe-nature-ihr-bester-freund-fuer-immer\/\">\n        \t\t<img decoding=\"async\" src=\"https:\/\/www.demolfrank.be\/wp-content\/uploads\/2023\/10\/Breathe-Nature-2-jouw-beste-vriend-voor-altijd.png\">\n\t        <div class=\"breathe-title\">\n\t          <h4>Breathe Nature: ihr bester freund f\u00fcr immer!<\/h4>\n\t        <\/div>\n      \t<\/a>\n    \t<\/div><div class=\"breathe-bl\">\n      \t<a href=\"javascript:void(0);\" class=\"overlay\" data-link=\"https:\/\/www.demolfrank.be\/de\/breathe-nature-plant\/breathe-nature-eine-kreation-aus-liebe-und-leidenschaft\/\">\n        \t\t<img decoding=\"async\" src=\"https:\/\/www.demolfrank.be\/wp-content\/uploads\/2023\/10\/Breathe-Nature-4-een-creatie-van-liefde-en-passie.png\">\n\t        <div class=\"breathe-title\">\n\t          <h4>Breathe Nature: eine kreation aus liebe und leidenschaft<\/h4>\n\t        <\/div>\n      \t<\/a>\n    \t<\/div><div class=\"breathe-bl\">\n      \t<a href=\"javascript:void(0);\" class=\"overlay\" data-link=\"https:\/\/www.demolfrank.be\/de\/breathe-nature-plant\/breathe-nature-unser-label-erklaert\/\">\n        \t\t<img decoding=\"async\" src=\"https:\/\/www.demolfrank.be\/wp-content\/uploads\/2023\/10\/Breathe-Nature-1-ons-merk-uitgelegd.png\">\n\t        <div class=\"breathe-title\">\n\t          <h4>Breathe Nature: unser label erkl\u00e4rt<\/h4>\n\t        <\/div>\n      \t<\/a>\n    \t<\/div><div class=\"breathe-bl\">\n      \t<a href=\"javascript:void(0);\" class=\"overlay\" data-link=\"https:\/\/www.demolfrank.be\/de\/breathe-nature-plant\/muehlenbeckia-maori\/\">\n        \t\t<img decoding=\"async\" src=\"https:\/\/www.demolfrank.be\/wp-content\/uploads\/2023\/10\/Breathe-Nature-3-voor-iedereen.png\">\n\t        <div class=\"breathe-title\">\n\t          <h4>Breathe Nature: f\u00fcr alle<\/h4>\n\t        <\/div>\n      \t<\/a>\n    \t<\/div><div class=\"breathe-bl\">\n      \t<a href=\"javascript:void(0);\" class=\"overlay\" data-link=\"https:\/\/www.demolfrank.be\/de\/breathe-nature-plant\/breathe-nature-inspirierend-und-unterstuetzend\/\">\n        \t\t<img decoding=\"async\" src=\"https:\/\/www.demolfrank.be\/wp-content\/uploads\/2023\/10\/Breathe-Nature-5-inspireert-en-ondersteunt.png\">\n\t        <div class=\"breathe-title\">\n\t          <h4>Breathe Nature: inspirierend und unterst\u00fctzend<\/h4>\n\t        <\/div>\n      \t<\/a>\n    \t<\/div><div class=\"breathe-bl\">\n      \t<a href=\"javascript:void(0);\" class=\"overlay\" data-link=\"https:\/\/www.demolfrank.be\/de\/breathe-nature-plant\/breathe-nature-nachhaltig-in-allem-was-wir-tun\/\">\n        \t\t<img decoding=\"async\" src=\"https:\/\/www.demolfrank.be\/wp-content\/uploads\/2023\/10\/Breathe-Nature-6-een-duurzaam-verhaal.png\">\n\t        <div class=\"breathe-title\">\n\t          <h4>Breathe Nature: nachhaltig in allem, was wir tun<\/h4>\n\t        <\/div>\n      \t<\/a>\n    \t<\/div><div class=\"breathe-bl\">\n      \t<a href=\"javascript:void(0);\" class=\"overlay\" data-link=\"https:\/\/www.demolfrank.be\/de\/breathe-nature-plant\/breathe-nature-lassen-sie-schadstoffe-verschwinden\/\">\n        \t\t<img decoding=\"async\" src=\"https:\/\/www.demolfrank.be\/wp-content\/uploads\/2023\/10\/Breathe-Nature-7-laat-schadelijke-stoffen-verdwijnen.png\">\n\t        <div class=\"breathe-title\">\n\t          <h4>Breathe Nature: lassen sie schadstoffe verschwinden<\/h4>\n\t        <\/div>\n      \t<\/a>\n    \t<\/div><\/div><\/div><\/div>\n\t\t\t\t\t\t<\/div>\n\t\t\t\t<\/div>\n\t\t\t\t\t<\/div>\n\t\t\t\t<\/div>\n\t\t<div class=\"elementor-element elementor-element-b307405 e-flex e-con-boxed e-con e-child\" data-id=\"b307405\" data-element_type=\"container\" data-settings=\"{&quot;background_background&quot;:&quot;classic&quot;}\">\n\t\t\t\t\t<div class=\"e-con-inner\">\n\t\t<div class=\"elementor-element elementor-element-6814226 e-flex e-con-boxed e-con e-child\" data-id=\"6814226\" data-element_type=\"container\" data-settings=\"{&quot;background_background&quot;:&quot;classic&quot;}\">\n\t\t\t\t\t<div class=\"e-con-inner\">\n\t\t\t\t<div class=\"elementor-element elementor-element-ff9cc0b elementor-widget elementor-widget-heading\" data-id=\"ff9cc0b\" data-element_type=\"widget\" data-widget_type=\"heading.default\">\n\t\t\t\t<div class=\"elementor-widget-container\">\n\t\t\t\t\t<h3 class=\"elementor-heading-title elementor-size-default\">Breathe Nature <\/h3>\t\t\t\t<\/div>\n\t\t\t\t<\/div>\n\t\t\t\t<div class=\"elementor-element elementor-element-f5d8eea elementor-widget elementor-widget-text-editor\" data-id=\"f5d8eea\" data-element_type=\"widget\" data-widget_type=\"text-editor.default\">\n\t\t\t\t<div class=\"elementor-widget-container\">\n\t\t\t\t\t\t\t\t\t<p>Jeder Mensch hat ein Recht auf gesunde Luft, auf eine gesunde Lebensumgebung! Und Pflanzen helfen uns dabei. Wir alle wissen, dass wir unsere B\u00e4ume im Freien wertsch\u00e4tzen sollten, aber auch in Innenr\u00e4umen tragen Pflanzen zu einer gesunden Lebensqualit\u00e4t bei. Um die positiven Auswirkungen von Pflanzen auf unsere Lebensr\u00e4ume zu unterstreichen, f\u00fchren wir &#8216;Breathe Nature&#8217; ein. Breathe Nature steht f\u00fcr eine attraktive Kollektion von Zimmerpflanzen. Pflanzen, die sehr pflegeleicht sind und einen gro\u00dfen, positiven Einfluss auf die Luftqualit\u00e4t des Wohn- oder Arbeitsraums haben, in dem sie stehen.<\/p>\t\t\t\t\t\t\t\t<\/div>\n\t\t\t\t<\/div>\n\t\t\t\t<div class=\"elementor-element elementor-element-074cc99 elementor-widget elementor-widget-heading\" data-id=\"074cc99\" data-element_type=\"widget\" data-widget_type=\"heading.default\">\n\t\t\t\t<div class=\"elementor-widget-container\">\n\t\t\t\t\t<h3 class=\"elementor-heading-title elementor-size-default\">Was macht Breathe Nature?<\/h3>\t\t\t\t<\/div>\n\t\t\t\t<\/div>\n\t\t\t\t<div class=\"elementor-element elementor-element-8d2d786 elementor-widget elementor-widget-text-editor\" data-id=\"8d2d786\" data-element_type=\"widget\" data-widget_type=\"text-editor.default\">\n\t\t\t\t<div class=\"elementor-widget-container\">\n\t\t\t\t\t\t\t\t\t<p>Breathe Nature bringt die Natur zu Gro\u00dfh\u00e4ndlern in nah und fern. 95 % unserer Pflanzen gehen \u00fcber die Grenzen in mehr als 12 EU-L\u00e4nder, wo sie ihren Weg in die gr\u00fcnsten Ecken Europas finden. Wir sind stolz darauf, auch das Vereinigte K\u00f6nigreich zu beliefern.<\/p><p>Im Jahr 2015 beschlossen wir, unsere eigene Identit\u00e4t zu schaffen und brachten die Marke Breathe Nature auf den Markt. Damit bekamen unsere Pflanzen nicht nur einen Namen, sondern auch ein Gesicht. Unter dieser Marke finden Sie ein tropisches Paradies von H\u00e4ngepflanzen wie Ceropegia, Nepenthes, Senecio, Davallia und viele mehr. Wir bieten unsere Pflanzen auch als &#8216;white label&#8217; an.<\/p>\t\t\t\t\t\t\t\t<\/div>\n\t\t\t\t<\/div>\n\t\t\t\t<div class=\"elementor-element elementor-element-6a4bd59 elementor-widget elementor-widget-heading\" data-id=\"6a4bd59\" data-element_type=\"widget\" data-widget_type=\"heading.default\">\n\t\t\t\t<div class=\"elementor-widget-container\">\n\t\t\t\t\t<h3 class=\"elementor-heading-title elementor-size-default\">Die Theorie hinter Breathe Nature\n<\/h3>\t\t\t\t<\/div>\n\t\t\t\t<\/div>\n\t\t\t\t<div class=\"elementor-element elementor-element-4db8d8f elementor-widget elementor-widget-text-editor\" data-id=\"4db8d8f\" data-element_type=\"widget\" data-widget_type=\"text-editor.default\">\n\t\t\t\t<div class=\"elementor-widget-container\">\n\t\t\t\t\t\t\t\t\t<p>Pflanzen sind nicht nur eine sch\u00f6ne Erg\u00e4nzung f\u00fcr Ihr Interieur, sie sorgen auch f\u00fcr frische und gesunde Raumluft. Forschungen haben n\u00e4mlich ergeben, dass bestimmte Pflanzen darauf spezialisiert sind, Schadstoffe in der Luft abzubauen. Dies wurde von der NASA entdeckt, die seit 20 Jahren nach M\u00f6glichkeiten sucht, die Luft in Raumkapseln frisch zu halten, ohne Energie zu verbrauchen. Ihre Erkenntnisse? Pflanzen k\u00f6nnen chemische Verbindungen abbauen und so die Luft reinigen.<\/p><p>Aber das ist noch nicht alles. Pflanzen spielen auch eine wichtige Rolle bei der Regulierung der Luftfeuchtigkeit. Dies tr\u00e4gt zur Verbesserung der Luftqualit\u00e4t bei und verringert Beschwerden wie Husten, Schnupfen, Kopfschmerzen und trockene Augen erheblich.<\/p><p>J\u00fcngste Untersuchungen in Australien haben gezeigt, dass selbst einige Zimmerpflanzen einen gro\u00dfen Unterschied in der Luftqualit\u00e4t ausmachen k\u00f6nnen. In B\u00fcroumgebungen wurde gemessen, wie sich die Luft mit und ohne Pflanzen sowie mit und ohne L\u00fcftung verh\u00e4lt. Das Ergebnis war eindeutig: Pflanzen machen die Luft frischer und ges\u00fcnder, und das ohne zus\u00e4tzlichen Energieverbrauch.<\/p>\t\t\t\t\t\t\t\t<\/div>\n\t\t\t\t<\/div>\n\t\t\t\t<div class=\"elementor-element elementor-element-8a021ad elementor-widget elementor-widget-heading\" data-id=\"8a021ad\" data-element_type=\"widget\" data-widget_type=\"heading.default\">\n\t\t\t\t<div class=\"elementor-widget-container\">\n\t\t\t\t\t<h4 class=\"elementor-heading-title elementor-size-default\">Viel Erfolg!<\/h4>\t\t\t\t<\/div>\n\t\t\t\t<\/div>\n\t\t\t\t\t<\/div>\n\t\t\t\t<\/div>\n\t\t\t\t\t<\/div>\n\t\t\t\t<\/div>\n\t\t\t\t\t<\/div>\n\t\t\t\t<\/div>\n\t\t\t\t<\/div>\n\t\t","protected":false},"excerpt":{"rendered":"<p>Jeden Tag atmen wir mehr als 500 Liter reinen Sauerstoff ein!Ein Baum kann bis zu 20 Kilogramm Kohlendioxid pro Jahr aufnehmenWir alle wissen, dass wir unsere B\u00e4ume im Freien pflegen m\u00fcssen, aber auch in Innenr\u00e4umen tragen Pflanzen zu einer gesunden Lebensqualit\u00e4t beiWie Trinkwasser haben wir auch ein Recht auf saubere LuftWindstr\u00f6mungen transportieren verschmutzte Luft sogar &hellip; <a href=\"https:\/\/www.demolfrank.be\/de\/breathe-nature-plant\/breathe-nature-lassen-sie-schadstoffe-verschwinden\/\" class=\"more-link\">Continue reading<span class=\"screen-reader-text\"> &#8220;Breathe Nature: lassen sie schadstoffe verschwinden&#8221;<\/span><\/a><\/p>\n","protected":false},"author":1,"featured_media":0,"parent":0,"menu_order":0,"comment_status":"closed","ping_status":"closed","template":"","meta":{"_acf_changed":false,"footnotes":""},"class_list":["post-660","page","type-page","status-publish","hentry"],"acf":[],"yoast_head":"<!-- This site is optimized with the Yoast SEO plugin v26.5 - https:\/\/yoast.com\/wordpress\/plugins\/seo\/ -->\n<title>Breathe Nature - demolfrank<\/title>\n<meta name=\"robots\" content=\"index, follow, max-snippet:-1, max-image-preview:large, max-video-preview:-1\" \/>\n<link rel=\"canonical\" href=\"https:\/\/www.demolfrank.be\/de\/breathe-nature\/\" \/>\n<meta property=\"og:locale\" content=\"de_DE\" \/>\n<meta property=\"og:type\" content=\"article\" \/>\n<meta property=\"og:title\" content=\"Breathe Nature - demolfrank\" \/>\n<meta property=\"og:description\" content=\"Jeden Tag atmen wir mehr als 500 Liter reinen Sauerstoff ein!Ein Baum kann bis zu 20 Kilogramm Kohlendioxid pro Jahr aufnehmenWir alle wissen, dass wir unsere B\u00e4ume im Freien pflegen m\u00fcssen, aber auch in Innenr\u00e4umen tragen Pflanzen zu einer gesunden Lebensqualit\u00e4t beiWie Trinkwasser haben wir auch ein Recht auf saubere LuftWindstr\u00f6mungen transportieren verschmutzte Luft sogar &hellip; Continue reading &quot;Breathe Nature: lassen sie schadstoffe verschwinden&quot;\" \/>\n<meta property=\"og:url\" content=\"https:\/\/www.demolfrank.be\/de\/breathe-nature\/\" \/>\n<meta property=\"og:site_name\" content=\"demolfrank\" \/>\n<meta property=\"article:modified_time\" content=\"2025-01-03T14:37:10+00:00\" \/>\n<meta name=\"twitter:card\" content=\"summary_large_image\" \/>\n<meta name=\"twitter:label1\" content=\"Est. reading time\" \/>\n\t<meta name=\"twitter:data1\" content=\"4 minutes\" \/>\n<script type=\"application\/ld+json\" class=\"yoast-schema-graph\">{\"@context\":\"https:\/\/schema.org\",\"@graph\":[{\"@type\":\"WebPage\",\"@id\":\"https:\/\/www.demolfrank.be\/de\/breathe-nature\/\",\"url\":\"https:\/\/www.demolfrank.be\/de\/breathe-nature\/\",\"name\":\"Breathe Nature - demolfrank\",\"isPartOf\":{\"@id\":\"https:\/\/www.demolfrank.be\/de\/#website\"},\"datePublished\":\"2023-08-08T09:39:11+00:00\",\"dateModified\":\"2025-01-03T14:37:10+00:00\",\"breadcrumb\":{\"@id\":\"https:\/\/www.demolfrank.be\/de\/breathe-nature\/#breadcrumb\"},\"inLanguage\":\"de-DE\",\"potentialAction\":[{\"@type\":\"ReadAction\",\"target\":[\"https:\/\/www.demolfrank.be\/de\/breathe-nature\/\"]}]},{\"@type\":\"BreadcrumbList\",\"@id\":\"https:\/\/www.demolfrank.be\/de\/breathe-nature\/#breadcrumb\",\"itemListElement\":[{\"@type\":\"ListItem\",\"position\":1,\"name\":\"Home\",\"item\":\"https:\/\/www.demolfrank.be\/de\/betrieb\/\"},{\"@type\":\"ListItem\",\"position\":2,\"name\":\"Breathe Nature\"}]},{\"@type\":\"WebSite\",\"@id\":\"https:\/\/www.demolfrank.be\/de\/#website\",\"url\":\"https:\/\/www.demolfrank.be\/de\/\",\"name\":\"demolfrank\",\"description\":\"\",\"publisher\":{\"@id\":\"https:\/\/www.demolfrank.be\/de\/#organization\"},\"potentialAction\":[{\"@type\":\"SearchAction\",\"target\":{\"@type\":\"EntryPoint\",\"urlTemplate\":\"https:\/\/www.demolfrank.be\/de\/?s={search_term_string}\"},\"query-input\":{\"@type\":\"PropertyValueSpecification\",\"valueRequired\":true,\"valueName\":\"search_term_string\"}}],\"inLanguage\":\"de-DE\"},{\"@type\":\"Organization\",\"@id\":\"https:\/\/www.demolfrank.be\/de\/#organization\",\"name\":\"demolfrank\",\"url\":\"https:\/\/www.demolfrank.be\/de\/\",\"logo\":{\"@type\":\"ImageObject\",\"inLanguage\":\"de-DE\",\"@id\":\"https:\/\/www.demolfrank.be\/de\/#\/schema\/logo\/image\/\",\"url\":\"https:\/\/www.demolfrank.be\/wp-content\/uploads\/2023\/10\/logo2.png\",\"contentUrl\":\"https:\/\/www.demolfrank.be\/wp-content\/uploads\/2023\/10\/logo2.png\",\"width\":398,\"height\":116,\"caption\":\"demolfrank\"},\"image\":{\"@id\":\"https:\/\/www.demolfrank.be\/de\/#\/schema\/logo\/image\/\"}}]}<\/script>\n<!-- \/ Yoast SEO plugin. -->","yoast_head_json":{"title":"Breathe Nature - demolfrank","robots":{"index":"index","follow":"follow","max-snippet":"max-snippet:-1","max-image-preview":"max-image-preview:large","max-video-preview":"max-video-preview:-1"},"canonical":"https:\/\/www.demolfrank.be\/de\/breathe-nature\/","og_locale":"de_DE","og_type":"article","og_title":"Breathe Nature - demolfrank","og_description":"Jeden Tag atmen wir mehr als 500 Liter reinen Sauerstoff ein!Ein Baum kann bis zu 20 Kilogramm Kohlendioxid pro Jahr aufnehmenWir alle wissen, dass wir unsere B\u00e4ume im Freien pflegen m\u00fcssen, aber auch in Innenr\u00e4umen tragen Pflanzen zu einer gesunden Lebensqualit\u00e4t beiWie Trinkwasser haben wir auch ein Recht auf saubere LuftWindstr\u00f6mungen transportieren verschmutzte Luft sogar &hellip; Continue reading \"Breathe Nature: lassen sie schadstoffe verschwinden\"","og_url":"https:\/\/www.demolfrank.be\/de\/breathe-nature\/","og_site_name":"demolfrank","article_modified_time":"2025-01-03T14:37:10+00:00","twitter_card":"summary_large_image","twitter_misc":{"Est. reading time":"4 minutes"},"schema":{"@context":"https:\/\/schema.org","@graph":[{"@type":"WebPage","@id":"https:\/\/www.demolfrank.be\/de\/breathe-nature\/","url":"https:\/\/www.demolfrank.be\/de\/breathe-nature\/","name":"Breathe Nature - demolfrank","isPartOf":{"@id":"https:\/\/www.demolfrank.be\/de\/#website"},"datePublished":"2023-08-08T09:39:11+00:00","dateModified":"2025-01-03T14:37:10+00:00","breadcrumb":{"@id":"https:\/\/www.demolfrank.be\/de\/breathe-nature\/#breadcrumb"},"inLanguage":"de-DE","potentialAction":[{"@type":"ReadAction","target":["https:\/\/www.demolfrank.be\/de\/breathe-nature\/"]}]},{"@type":"BreadcrumbList","@id":"https:\/\/www.demolfrank.be\/de\/breathe-nature\/#breadcrumb","itemListElement":[{"@type":"ListItem","position":1,"name":"Home","item":"https:\/\/www.demolfrank.be\/de\/betrieb\/"},{"@type":"ListItem","position":2,"name":"Breathe Nature"}]},{"@type":"WebSite","@id":"https:\/\/www.demolfrank.be\/de\/#website","url":"https:\/\/www.demolfrank.be\/de\/","name":"demolfrank","description":"","publisher":{"@id":"https:\/\/www.demolfrank.be\/de\/#organization"},"potentialAction":[{"@type":"SearchAction","target":{"@type":"EntryPoint","urlTemplate":"https:\/\/www.demolfrank.be\/de\/?s={search_term_string}"},"query-input":{"@type":"PropertyValueSpecification","valueRequired":true,"valueName":"search_term_string"}}],"inLanguage":"de-DE"},{"@type":"Organization","@id":"https:\/\/www.demolfrank.be\/de\/#organization","name":"demolfrank","url":"https:\/\/www.demolfrank.be\/de\/","logo":{"@type":"ImageObject","inLanguage":"de-DE","@id":"https:\/\/www.demolfrank.be\/de\/#\/schema\/logo\/image\/","url":"https:\/\/www.demolfrank.be\/wp-content\/uploads\/2023\/10\/logo2.png","contentUrl":"https:\/\/www.demolfrank.be\/wp-content\/uploads\/2023\/10\/logo2.png","width":398,"height":116,"caption":"demolfrank"},"image":{"@id":"https:\/\/www.demolfrank.be\/de\/#\/schema\/logo\/image\/"}}]}},"_links":{"self":[{"href":"https:\/\/www.demolfrank.be\/de\/wp-json\/wp\/v2\/pages\/660","targetHints":{"allow":["GET"]}}],"collection":[{"href":"https:\/\/www.demolfrank.be\/de\/wp-json\/wp\/v2\/pages"}],"about":[{"href":"https:\/\/www.demolfrank.be\/de\/wp-json\/wp\/v2\/types\/page"}],"author":[{"embeddable":true,"href":"https:\/\/www.demolfrank.be\/de\/wp-json\/wp\/v2\/users\/1"}],"replies":[{"embeddable":true,"href":"https:\/\/www.demolfrank.be\/de\/wp-json\/wp\/v2\/comments?post=660"}],"version-history":[{"count":0,"href":"https:\/\/www.demolfrank.be\/de\/wp-json\/wp\/v2\/pages\/660\/revisions"}],"wp:attachment":[{"href":"https:\/\/www.demolfrank.be\/de\/wp-json\/wp\/v2\/media?parent=660"}],"curies":[{"name":"wp","href":"https:\/\/api.w.org\/{rel}","templated":true}]}}