{"id":623,"date":"2023-08-08T09:39:28","date_gmt":"2023-08-08T09:39:28","guid":{"rendered":"https:\/\/www.demolfrank.be\/ecologie\/"},"modified":"2023-10-19T13:25:22","modified_gmt":"2023-10-19T13:25:22","slug":"ecologie","status":"publish","type":"page","link":"https:\/\/www.demolfrank.be\/fr\/ecologie\/","title":{"rendered":"Ecologie"},"content":{"rendered":"\t\t<div data-elementor-type=\"wp-page\" data-elementor-id=\"623\" class=\"elementor elementor-623 elementor-20\" data-elementor-post-type=\"page\">\n\t\t\t\t<div class=\"elementor-element elementor-element-a509bae e-flex e-con-boxed e-con e-parent\" data-id=\"a509bae\" data-element_type=\"container\" data-settings=\"{&quot;background_background&quot;:&quot;classic&quot;}\">\n\t\t\t\t\t<div class=\"e-con-inner\">\n\t\t<div class=\"elementor-element elementor-element-92b6536 e-flex e-con-boxed e-con e-child\" data-id=\"92b6536\" data-element_type=\"container\" data-settings=\"{&quot;background_background&quot;:&quot;classic&quot;}\">\n\t\t\t\t\t<div class=\"e-con-inner\">\n\t\t\t\t<div class=\"elementor-element elementor-element-2c4c323 elementor-widget elementor-widget-heading\" data-id=\"2c4c323\" data-element_type=\"widget\" data-widget_type=\"heading.default\">\n\t\t\t\t<div class=\"elementor-widget-container\">\n\t\t\t\t\t<h2 class=\"elementor-heading-title elementor-size-default\">VOTRE FOURNISSEUR D\u2019H\u00c9D\u00c9RAS SP\u00c9CIALIS\u00c9!\n<\/h2>\t\t\t\t<\/div>\n\t\t\t\t<\/div>\n\t\t\t\t\t<\/div>\n\t\t\t\t<\/div>\n\t\t\t\t\t<\/div>\n\t\t\t\t<\/div>\n\t\t<div class=\"elementor-element elementor-element-8e66e4e e-flex e-con-boxed e-con e-parent\" data-id=\"8e66e4e\" data-element_type=\"container\">\n\t\t\t\t\t<div class=\"e-con-inner\">\n\t\t\t\t<div class=\"elementor-element elementor-element-9570c5c elementor-widget elementor-widget-spacer\" data-id=\"9570c5c\" data-element_type=\"widget\" data-widget_type=\"spacer.default\">\n\t\t\t\t<div class=\"elementor-widget-container\">\n\t\t\t\t\t\t\t<div class=\"elementor-spacer\">\n\t\t\t<div class=\"elementor-spacer-inner\"><\/div>\n\t\t<\/div>\n\t\t\t\t\t\t<\/div>\n\t\t\t\t<\/div>\n\t\t\t\t\t<\/div>\n\t\t\t\t<\/div>\n\t\t<div class=\"elementor-element elementor-element-6e09f6e e-flex e-con-boxed e-con e-parent\" data-id=\"6e09f6e\" data-element_type=\"container\">\n\t\t\t\t\t<div class=\"e-con-inner\">\n\t\t<div class=\"elementor-element elementor-element-03c1890 e-con-full e-flex e-con e-child\" data-id=\"03c1890\" data-element_type=\"container\">\n\t\t\t\t<div class=\"elementor-element elementor-element-460e08a elementor-widget elementor-widget-heading\" data-id=\"460e08a\" data-element_type=\"widget\" data-widget_type=\"heading.default\">\n\t\t\t\t<div class=\"elementor-widget-container\">\n\t\t\t\t\t<h3 class=\"elementor-heading-title elementor-size-default\">Les cultures \u00e9cologiques<\/h3>\t\t\t\t<\/div>\n\t\t\t\t<\/div>\n\t\t\t\t<div class=\"elementor-element elementor-element-d81691a elementor-widget elementor-widget-text-editor\" data-id=\"d81691a\" data-element_type=\"widget\" data-widget_type=\"text-editor.default\">\n\t\t\t\t<div class=\"elementor-widget-container\">\n\t\t\t\t\t\t\t\t\t<p>Les cultures \u00e9cologiques sont l\u2019un des principaux objectifs au sein de notre entreprise. C\u2019est la raison pour laquelle il a \u00e9t\u00e9 d\u00e9cid\u00e9 de participer au VMS (Vlaams Milieuplan Sierteelt : plan environnemental flamand pour l\u2019horticulture). Le VMS collabore avec le MPS n\u00e9erlandais (Milieu Programma Sierteelt = Programme environnemental pour l\u2019horticulture).  <\/p>\n\t\t\t\t\t\t\t\t<\/div>\n\t\t\t\t<\/div>\n\t\t\t\t<div class=\"elementor-element elementor-element-34dbb22 elementor-widget elementor-widget-heading\" data-id=\"34dbb22\" data-element_type=\"widget\" data-widget_type=\"heading.default\">\n\t\t\t\t<div class=\"elementor-widget-container\">\n\t\t\t\t\t<h4 class=\"elementor-heading-title elementor-size-default\">1. Qu\u2019est-ce que le VMS \/ le MPS ?<\/h4>\t\t\t\t<\/div>\n\t\t\t\t<\/div>\n\t\t\t\t<div class=\"elementor-element elementor-element-6732232 elementor-widget elementor-widget-text-editor\" data-id=\"6732232\" data-element_type=\"widget\" data-widget_type=\"text-editor.default\">\n\t\t\t\t<div class=\"elementor-widget-container\">\n\t\t\t\t\t\t\t\t\t<p>Le VMS \/ le MPS est une norme environnementale internationale et agr\u00e9\u00e9e bas\u00e9e sur l\u2019enregistrement de plusieurs donn\u00e9es environnementales. Le VMS \/ le MPS a pour objectif de contr\u00f4ler la charge environnementale de notre soci\u00e9t\u00e9 et veut encourager les entreprises \u00e0 adopter une culture \u00e9cologique des plantes et des mat\u00e9riaux de d\u00e9part. <\/p>\n\t\t\t\t\t\t\t\t<\/div>\n\t\t\t\t<\/div>\n\t\t\t\t<div class=\"elementor-element elementor-element-9d049c8 elementor-widget elementor-widget-heading\" data-id=\"9d049c8\" data-element_type=\"widget\" data-widget_type=\"heading.default\">\n\t\t\t\t<div class=\"elementor-widget-container\">\n\t\t\t\t\t<h4 class=\"elementor-heading-title elementor-size-default\">2. Crit\u00e8res de qualification<\/h4>\t\t\t\t<\/div>\n\t\t\t\t<\/div>\n\t\t\t\t<div class=\"elementor-element elementor-element-11a2915 elementor-widget elementor-widget-text-editor\" data-id=\"11a2915\" data-element_type=\"widget\" data-widget_type=\"text-editor.default\">\n\t\t\t\t<div class=\"elementor-widget-container\">\n\t\t\t\t\t\t\t\t\t<p>La norme VMS \/ MPS est bas\u00e9e sur l\u2019enregistrement des donn\u00e9es suivantes :<br \/>Utilisation de moyens de protection des plantes<br \/>Utilisation d\u2019engrais<br \/>Consommation d\u2019\u00e9nergie<br \/>Traitement des d\u00e9chets<br \/>Les donn\u00e9es enregistr\u00e9es sont fournies \u00e0 des intervalles r\u00e9guliers \u00e0 l\u2019organisme de contr\u00f4le. Les chiffres sont compar\u00e9s avec les normes et donnent ainsi lieu \u00e0 une quantification. <\/p>\n\t\t\t\t\t\t\t\t<\/div>\n\t\t\t\t<\/div>\n\t\t\t\t<div class=\"elementor-element elementor-element-a1b818b elementor-widget elementor-widget-heading\" data-id=\"a1b818b\" data-element_type=\"widget\" data-widget_type=\"heading.default\">\n\t\t\t\t<div class=\"elementor-widget-container\">\n\t\t\t\t\t<h3 class=\"elementor-heading-title elementor-size-default\">3. Avantages<\/h3>\t\t\t\t<\/div>\n\t\t\t\t<\/div>\n\t\t\t\t<div class=\"elementor-element elementor-element-21ff4b6 elementor-widget elementor-widget-text-editor\" data-id=\"21ff4b6\" data-element_type=\"widget\" data-widget_type=\"text-editor.default\">\n\t\t\t\t<div class=\"elementor-widget-container\">\n\t\t\t\t\t\t\t\t\t<p>Soutien du respect de l\u2019environnement et du caract\u00e8re social dans l\u2019entreprise.<br \/>Possibilit\u00e9s de d\u00e9bouch\u00e9s plus larges gr\u00e2ce \u00e0 la demande croissante de produits \u00e9cologiques (aussi bien de la part des consommateurs, des cultivateurs que des commer\u00e7ants).<br \/>Syst\u00e8me d\u2019enregistrement effectif (les donn\u00e9es peuvent par exemple \u00eatre utilis\u00e9es pour le calcul du prix d\u2019achat).<\/p>\n\t\t\t\t\t\t\t\t<\/div>\n\t\t\t\t<\/div>\n\t\t\t\t<div class=\"elementor-element elementor-element-9ccf77e elementor-widget elementor-widget-heading\" data-id=\"9ccf77e\" data-element_type=\"widget\" data-widget_type=\"heading.default\">\n\t\t\t\t<div class=\"elementor-widget-container\">\n\t\t\t\t\t<h3 class=\"elementor-heading-title elementor-size-default\">4. Garantie<\/h3>\t\t\t\t<\/div>\n\t\t\t\t<\/div>\n\t\t\t\t<div class=\"elementor-element elementor-element-c6ba301 elementor-widget elementor-widget-text-editor\" data-id=\"c6ba301\" data-element_type=\"widget\" data-widget_type=\"text-editor.default\">\n\t\t\t\t<div class=\"elementor-widget-container\">\n\t\t\t\t\t\t\t\t\t<p>Les produits des participants au VMS sont reconnaissables \u00e0 la vignette MPS. Cette vignette indique que les normes environnementales prescrites ont \u00e9t\u00e9 respect\u00e9es lors de la culture. La garantie en tant que telle d\u00e9coule des inspections de l\u2019entreprise par l\u2019organisme de contr\u00f4le ind\u00e9pendant et agr\u00e9\u00e9 au niveau international SGS AgroControle. Le num\u00e9ro sur la vignette renvoie \u00e0 l\u2019origine du produit.   <\/p>\n\t\t\t\t\t\t\t\t<\/div>\n\t\t\t\t<\/div>\n\t\t\t\t<div class=\"elementor-element elementor-element-4674b64 elementor-widget elementor-widget-heading\" data-id=\"4674b64\" data-element_type=\"widget\" data-widget_type=\"heading.default\">\n\t\t\t\t<div class=\"elementor-widget-container\">\n\t\t\t\t\t<h3 class=\"elementor-heading-title elementor-size-default\">5. Qualification<\/h3>\t\t\t\t<\/div>\n\t\t\t\t<\/div>\n\t\t\t\t<div class=\"elementor-element elementor-element-cd2f887 elementor-widget elementor-widget-text-editor\" data-id=\"cd2f887\" data-element_type=\"widget\" data-widget_type=\"text-editor.default\">\n\t\t\t\t<div class=\"elementor-widget-container\">\n\t\t\t\t\t\t\t\t\t<p>A l\u2019aide des donn\u00e9es enregistr\u00e9es, les entreprises re\u00e7oivent une qualification environnementale A, B ou C. Les entreprises telles que la n\u00f4tre avec une qualification environnementale MPS-A cultivent de la mani\u00e8re la plus \u00e9cologique.<\/p>\n\t\t\t\t\t\t\t\t<\/div>\n\t\t\t\t<\/div>\n\t\t\t\t<\/div>\n\t\t<div class=\"elementor-element elementor-element-ea5e5e3 e-con-full e-flex e-con e-child\" data-id=\"ea5e5e3\" data-element_type=\"container\">\n\t\t\t\t<div class=\"elementor-element elementor-element-17c2785 elementor-widget elementor-widget-image\" data-id=\"17c2785\" data-element_type=\"widget\" data-widget_type=\"image.default\">\n\t\t\t\t<div class=\"elementor-widget-container\">\n\t\t\t\t\t\t\t\t\t\t\t\t\t\t\t<img fetchpriority=\"high\" decoding=\"async\" width=\"768\" height=\"932\" src=\"https:\/\/www.demolfrank.be\/wp-content\/uploads\/2023\/10\/a-768x932.jpeg\" class=\"attachment-medium_large size-medium_large wp-image-546\" alt=\"\" srcset=\"https:\/\/www.demolfrank.be\/wp-content\/uploads\/2023\/10\/a-768x932.jpeg 768w, https:\/\/www.demolfrank.be\/wp-content\/uploads\/2023\/10\/a-247x300.jpeg 247w, https:\/\/www.demolfrank.be\/wp-content\/uploads\/2023\/10\/a-843x1024.jpeg 843w, https:\/\/www.demolfrank.be\/wp-content\/uploads\/2023\/10\/a.jpeg 1000w\" sizes=\"(max-width: 768px) 85vw, 768px\" \/>\t\t\t\t\t\t\t\t\t\t\t\t\t\t\t<\/div>\n\t\t\t\t<\/div>\n\t\t\t\t<\/div>\n\t\t\t\t\t<\/div>\n\t\t\t\t<\/div>\n\t\t<div class=\"elementor-element elementor-element-c0de93c e-flex e-con-boxed e-con e-parent\" data-id=\"c0de93c\" data-element_type=\"container\">\n\t\t\t\t\t<div class=\"e-con-inner\">\n\t\t\t\t<div class=\"elementor-element elementor-element-9879e9f elementor-widget elementor-widget-spacer\" data-id=\"9879e9f\" data-element_type=\"widget\" data-widget_type=\"spacer.default\">\n\t\t\t\t<div class=\"elementor-widget-container\">\n\t\t\t\t\t\t\t<div class=\"elementor-spacer\">\n\t\t\t<div class=\"elementor-spacer-inner\"><\/div>\n\t\t<\/div>\n\t\t\t\t\t\t<\/div>\n\t\t\t\t<\/div>\n\t\t\t\t\t<\/div>\n\t\t\t\t<\/div>\n\t\t\t\t<\/div>\n\t\t","protected":false},"excerpt":{"rendered":"<p>VOTRE FOURNISSEUR D\u2019H\u00c9D\u00c9RAS SP\u00c9CIALIS\u00c9! Les cultures \u00e9cologiques Les cultures \u00e9cologiques sont l\u2019un des principaux objectifs au sein de notre entreprise. C\u2019est la raison pour laquelle il a \u00e9t\u00e9 d\u00e9cid\u00e9 de participer au VMS (Vlaams Milieuplan Sierteelt : plan environnemental flamand pour l\u2019horticulture). Le VMS collabore avec le MPS n\u00e9erlandais (Milieu Programma Sierteelt = Programme environnemental &hellip; <a href=\"https:\/\/www.demolfrank.be\/fr\/ecologie\/\" class=\"more-link\">Continue reading<span class=\"screen-reader-text\"> &#8220;Ecologie&#8221;<\/span><\/a><\/p>\n","protected":false},"author":1,"featured_media":0,"parent":0,"menu_order":0,"comment_status":"closed","ping_status":"closed","template":"","meta":{"_acf_changed":false,"footnotes":""},"class_list":["post-623","page","type-page","status-publish","hentry"],"acf":[],"yoast_head":"<!-- This site is optimized with the Yoast SEO plugin v26.5 - https:\/\/yoast.com\/wordpress\/plugins\/seo\/ -->\n<title>Ecologie - demolfrank<\/title>\n<meta name=\"robots\" content=\"index, follow, max-snippet:-1, max-image-preview:large, max-video-preview:-1\" \/>\n<link rel=\"canonical\" href=\"https:\/\/www.demolfrank.be\/fr\/ecologie\/\" \/>\n<meta property=\"og:locale\" content=\"fr_FR\" \/>\n<meta property=\"og:type\" content=\"article\" \/>\n<meta property=\"og:title\" content=\"Ecologie - demolfrank\" \/>\n<meta property=\"og:description\" content=\"VOTRE FOURNISSEUR D\u2019H\u00c9D\u00c9RAS SP\u00c9CIALIS\u00c9! Les cultures \u00e9cologiques Les cultures \u00e9cologiques sont l\u2019un des principaux objectifs au sein de notre entreprise. C\u2019est la raison pour laquelle il a \u00e9t\u00e9 d\u00e9cid\u00e9 de participer au VMS (Vlaams Milieuplan Sierteelt : plan environnemental flamand pour l\u2019horticulture). Le VMS collabore avec le MPS n\u00e9erlandais (Milieu Programma Sierteelt = Programme environnemental &hellip; Continue reading &quot;Ecologie&quot;\" \/>\n<meta property=\"og:url\" content=\"https:\/\/www.demolfrank.be\/fr\/ecologie\/\" \/>\n<meta property=\"og:site_name\" content=\"demolfrank\" \/>\n<meta property=\"article:modified_time\" content=\"2023-10-19T13:25:22+00:00\" \/>\n<meta property=\"og:image\" content=\"https:\/\/www.demolfrank.be\/wp-content\/uploads\/2023\/10\/a-768x932.jpeg\" \/>\n<meta name=\"twitter:card\" content=\"summary_large_image\" \/>\n<meta name=\"twitter:label1\" content=\"Est. reading time\" \/>\n\t<meta name=\"twitter:data1\" content=\"2 minutes\" \/>\n<script type=\"application\/ld+json\" class=\"yoast-schema-graph\">{\"@context\":\"https:\/\/schema.org\",\"@graph\":[{\"@type\":\"WebPage\",\"@id\":\"https:\/\/www.demolfrank.be\/fr\/ecologie\/\",\"url\":\"https:\/\/www.demolfrank.be\/fr\/ecologie\/\",\"name\":\"Ecologie - demolfrank\",\"isPartOf\":{\"@id\":\"https:\/\/www.demolfrank.be\/fr\/#website\"},\"primaryImageOfPage\":{\"@id\":\"https:\/\/www.demolfrank.be\/fr\/ecologie\/#primaryimage\"},\"image\":{\"@id\":\"https:\/\/www.demolfrank.be\/fr\/ecologie\/#primaryimage\"},\"thumbnailUrl\":\"https:\/\/www.demolfrank.be\/wp-content\/uploads\/2023\/10\/a-768x932.jpeg\",\"datePublished\":\"2023-08-08T09:39:28+00:00\",\"dateModified\":\"2023-10-19T13:25:22+00:00\",\"breadcrumb\":{\"@id\":\"https:\/\/www.demolfrank.be\/fr\/ecologie\/#breadcrumb\"},\"inLanguage\":\"fr-FR\",\"potentialAction\":[{\"@type\":\"ReadAction\",\"target\":[\"https:\/\/www.demolfrank.be\/fr\/ecologie\/\"]}]},{\"@type\":\"ImageObject\",\"inLanguage\":\"fr-FR\",\"@id\":\"https:\/\/www.demolfrank.be\/fr\/ecologie\/#primaryimage\",\"url\":\"https:\/\/www.demolfrank.be\/wp-content\/uploads\/2023\/10\/a-768x932.jpeg\",\"contentUrl\":\"https:\/\/www.demolfrank.be\/wp-content\/uploads\/2023\/10\/a-768x932.jpeg\"},{\"@type\":\"BreadcrumbList\",\"@id\":\"https:\/\/www.demolfrank.be\/fr\/ecologie\/#breadcrumb\",\"itemListElement\":[{\"@type\":\"ListItem\",\"position\":1,\"name\":\"Home\",\"item\":\"https:\/\/www.demolfrank.be\/fr\/\"},{\"@type\":\"ListItem\",\"position\":2,\"name\":\"Ecologie\"}]},{\"@type\":\"WebSite\",\"@id\":\"https:\/\/www.demolfrank.be\/fr\/#website\",\"url\":\"https:\/\/www.demolfrank.be\/fr\/\",\"name\":\"demolfrank\",\"description\":\"\",\"publisher\":{\"@id\":\"https:\/\/www.demolfrank.be\/fr\/#organization\"},\"potentialAction\":[{\"@type\":\"SearchAction\",\"target\":{\"@type\":\"EntryPoint\",\"urlTemplate\":\"https:\/\/www.demolfrank.be\/fr\/?s={search_term_string}\"},\"query-input\":{\"@type\":\"PropertyValueSpecification\",\"valueRequired\":true,\"valueName\":\"search_term_string\"}}],\"inLanguage\":\"fr-FR\"},{\"@type\":\"Organization\",\"@id\":\"https:\/\/www.demolfrank.be\/fr\/#organization\",\"name\":\"demolfrank\",\"url\":\"https:\/\/www.demolfrank.be\/fr\/\",\"logo\":{\"@type\":\"ImageObject\",\"inLanguage\":\"fr-FR\",\"@id\":\"https:\/\/www.demolfrank.be\/fr\/#\/schema\/logo\/image\/\",\"url\":\"https:\/\/www.demolfrank.be\/wp-content\/uploads\/2023\/10\/logo2.png\",\"contentUrl\":\"https:\/\/www.demolfrank.be\/wp-content\/uploads\/2023\/10\/logo2.png\",\"width\":398,\"height\":116,\"caption\":\"demolfrank\"},\"image\":{\"@id\":\"https:\/\/www.demolfrank.be\/fr\/#\/schema\/logo\/image\/\"}}]}<\/script>\n<!-- \/ Yoast SEO plugin. -->","yoast_head_json":{"title":"Ecologie - demolfrank","robots":{"index":"index","follow":"follow","max-snippet":"max-snippet:-1","max-image-preview":"max-image-preview:large","max-video-preview":"max-video-preview:-1"},"canonical":"https:\/\/www.demolfrank.be\/fr\/ecologie\/","og_locale":"fr_FR","og_type":"article","og_title":"Ecologie - demolfrank","og_description":"VOTRE FOURNISSEUR D\u2019H\u00c9D\u00c9RAS SP\u00c9CIALIS\u00c9! Les cultures \u00e9cologiques Les cultures \u00e9cologiques sont l\u2019un des principaux objectifs au sein de notre entreprise. C\u2019est la raison pour laquelle il a \u00e9t\u00e9 d\u00e9cid\u00e9 de participer au VMS (Vlaams Milieuplan Sierteelt : plan environnemental flamand pour l\u2019horticulture). Le VMS collabore avec le MPS n\u00e9erlandais (Milieu Programma Sierteelt = Programme environnemental &hellip; Continue reading \"Ecologie\"","og_url":"https:\/\/www.demolfrank.be\/fr\/ecologie\/","og_site_name":"demolfrank","article_modified_time":"2023-10-19T13:25:22+00:00","og_image":[{"url":"https:\/\/www.demolfrank.be\/wp-content\/uploads\/2023\/10\/a-768x932.jpeg","type":"","width":"","height":""}],"twitter_card":"summary_large_image","twitter_misc":{"Est. reading time":"2 minutes"},"schema":{"@context":"https:\/\/schema.org","@graph":[{"@type":"WebPage","@id":"https:\/\/www.demolfrank.be\/fr\/ecologie\/","url":"https:\/\/www.demolfrank.be\/fr\/ecologie\/","name":"Ecologie - demolfrank","isPartOf":{"@id":"https:\/\/www.demolfrank.be\/fr\/#website"},"primaryImageOfPage":{"@id":"https:\/\/www.demolfrank.be\/fr\/ecologie\/#primaryimage"},"image":{"@id":"https:\/\/www.demolfrank.be\/fr\/ecologie\/#primaryimage"},"thumbnailUrl":"https:\/\/www.demolfrank.be\/wp-content\/uploads\/2023\/10\/a-768x932.jpeg","datePublished":"2023-08-08T09:39:28+00:00","dateModified":"2023-10-19T13:25:22+00:00","breadcrumb":{"@id":"https:\/\/www.demolfrank.be\/fr\/ecologie\/#breadcrumb"},"inLanguage":"fr-FR","potentialAction":[{"@type":"ReadAction","target":["https:\/\/www.demolfrank.be\/fr\/ecologie\/"]}]},{"@type":"ImageObject","inLanguage":"fr-FR","@id":"https:\/\/www.demolfrank.be\/fr\/ecologie\/#primaryimage","url":"https:\/\/www.demolfrank.be\/wp-content\/uploads\/2023\/10\/a-768x932.jpeg","contentUrl":"https:\/\/www.demolfrank.be\/wp-content\/uploads\/2023\/10\/a-768x932.jpeg"},{"@type":"BreadcrumbList","@id":"https:\/\/www.demolfrank.be\/fr\/ecologie\/#breadcrumb","itemListElement":[{"@type":"ListItem","position":1,"name":"Home","item":"https:\/\/www.demolfrank.be\/fr\/"},{"@type":"ListItem","position":2,"name":"Ecologie"}]},{"@type":"WebSite","@id":"https:\/\/www.demolfrank.be\/fr\/#website","url":"https:\/\/www.demolfrank.be\/fr\/","name":"demolfrank","description":"","publisher":{"@id":"https:\/\/www.demolfrank.be\/fr\/#organization"},"potentialAction":[{"@type":"SearchAction","target":{"@type":"EntryPoint","urlTemplate":"https:\/\/www.demolfrank.be\/fr\/?s={search_term_string}"},"query-input":{"@type":"PropertyValueSpecification","valueRequired":true,"valueName":"search_term_string"}}],"inLanguage":"fr-FR"},{"@type":"Organization","@id":"https:\/\/www.demolfrank.be\/fr\/#organization","name":"demolfrank","url":"https:\/\/www.demolfrank.be\/fr\/","logo":{"@type":"ImageObject","inLanguage":"fr-FR","@id":"https:\/\/www.demolfrank.be\/fr\/#\/schema\/logo\/image\/","url":"https:\/\/www.demolfrank.be\/wp-content\/uploads\/2023\/10\/logo2.png","contentUrl":"https:\/\/www.demolfrank.be\/wp-content\/uploads\/2023\/10\/logo2.png","width":398,"height":116,"caption":"demolfrank"},"image":{"@id":"https:\/\/www.demolfrank.be\/fr\/#\/schema\/logo\/image\/"}}]}},"_links":{"self":[{"href":"https:\/\/www.demolfrank.be\/fr\/wp-json\/wp\/v2\/pages\/623","targetHints":{"allow":["GET"]}}],"collection":[{"href":"https:\/\/www.demolfrank.be\/fr\/wp-json\/wp\/v2\/pages"}],"about":[{"href":"https:\/\/www.demolfrank.be\/fr\/wp-json\/wp\/v2\/types\/page"}],"author":[{"embeddable":true,"href":"https:\/\/www.demolfrank.be\/fr\/wp-json\/wp\/v2\/users\/1"}],"replies":[{"embeddable":true,"href":"https:\/\/www.demolfrank.be\/fr\/wp-json\/wp\/v2\/comments?post=623"}],"version-history":[{"count":0,"href":"https:\/\/www.demolfrank.be\/fr\/wp-json\/wp\/v2\/pages\/623\/revisions"}],"wp:attachment":[{"href":"https:\/\/www.demolfrank.be\/fr\/wp-json\/wp\/v2\/media?parent=623"}],"curies":[{"name":"wp","href":"https:\/\/api.w.org\/{rel}","templated":true}]}}