{"id":656,"date":"2023-08-08T09:39:11","date_gmt":"2023-08-08T09:39:11","guid":{"rendered":"https:\/\/www.demolfrank.be\/breathe-nature\/"},"modified":"2025-01-03T14:48:10","modified_gmt":"2025-01-03T14:48:10","slug":"breathe-nature","status":"publish","type":"page","link":"https:\/\/www.demolfrank.be\/fr\/breathe-nature\/","title":{"rendered":"Breathe Nature"},"content":{"rendered":"\t\t<div data-elementor-type=\"wp-page\" data-elementor-id=\"656\" class=\"elementor elementor-656 elementor-18\" data-elementor-post-type=\"page\">\n\t\t\t\t<div class=\"elementor-element elementor-element-017efa0 e-con-full e-flex e-con e-parent\" data-id=\"017efa0\" data-element_type=\"container\">\n\t\t\t\t<div class=\"elementor-element elementor-element-a0aff34 elementor--h-position-left elementor--v-position-bottom elementor-arrows-position-inside elementor-pagination-position-inside elementor-widget elementor-widget-slides\" data-id=\"a0aff34\" data-element_type=\"widget\" data-settings=\"{&quot;transition&quot;:&quot;fade&quot;,&quot;navigation&quot;:&quot;both&quot;,&quot;autoplay&quot;:&quot;yes&quot;,&quot;pause_on_hover&quot;:&quot;yes&quot;,&quot;pause_on_interaction&quot;:&quot;yes&quot;,&quot;autoplay_speed&quot;:5000,&quot;infinite&quot;:&quot;yes&quot;,&quot;transition_speed&quot;:500}\" data-widget_type=\"slides.default\">\n\t\t\t\t<div class=\"elementor-widget-container\">\n\t\t\t\t\t\t\t\t\t<div class=\"elementor-swiper\">\n\t\t\t\t\t<div class=\"elementor-slides-wrapper elementor-main-swiper swiper\" role=\"region\" aria-roledescription=\"carousel\" aria-label=\"Slides\" dir=\"ltr\" data-animation=\"fadeInUp\">\n\t\t\t\t<div class=\"swiper-wrapper elementor-slides\">\n\t\t\t\t\t\t\t\t\t\t<div class=\"elementor-repeater-item-416d5c7 swiper-slide\" role=\"group\" aria-roledescription=\"slide\"><div class=\"swiper-slide-bg elementor-ken-burns elementor-ken-burns--in\" role=\"img\" aria-label=\"slide01\"><\/div><div class=\"swiper-slide-inner\" ><div class=\"swiper-slide-contents\"><\/div><\/div><\/div><div class=\"elementor-repeater-item-d816753 swiper-slide\" role=\"group\" aria-roledescription=\"slide\"><div class=\"swiper-slide-bg elementor-ken-burns elementor-ken-burns--in\" role=\"img\" aria-label=\"slide02\"><\/div><div class=\"swiper-slide-inner\" ><div class=\"swiper-slide-contents\"><div class=\"elementor-slide-heading\">Chaque jour, nous respirons plus de 500 litres d'oxyg\u00e8ne pur !<\/div><\/div><\/div><\/div><div class=\"elementor-repeater-item-23402dc swiper-slide\" role=\"group\" aria-roledescription=\"slide\"><div class=\"swiper-slide-bg elementor-ken-burns elementor-ken-burns--in\" role=\"img\" aria-label=\"slide03\"><\/div><div class=\"swiper-slide-inner\" ><div class=\"swiper-slide-contents\"><div class=\"elementor-slide-heading\">Un arbre peut absorber jusqu'\u00e0 20 kilogrammes de dioxyde de carbone par an.<\/div><\/div><\/div><\/div><div class=\"elementor-repeater-item-e54c6c8 swiper-slide\" role=\"group\" aria-roledescription=\"slide\"><div class=\"swiper-slide-bg elementor-ken-burns elementor-ken-burns--in\" role=\"img\" aria-label=\"oprit\"><\/div><div class=\"swiper-slide-inner\" ><div class=\"swiper-slide-contents\"><div class=\"elementor-slide-heading\">Nous savons tous que nous devons ch\u00e9rir nos arbres \u00e0 l'ext\u00e9rieur, mais les plantes contribuent \u00e9galement \u00e0 une qualit\u00e9 de vie saine \u00e0 l'int\u00e9rieur.<\/div><\/div><\/div><\/div><div class=\"elementor-repeater-item-94671c9 swiper-slide\" role=\"group\" aria-roledescription=\"slide\"><div class=\"swiper-slide-bg elementor-ken-burns elementor-ken-burns--in\" role=\"img\" aria-label=\"slide05\"><\/div><div class=\"swiper-slide-inner\" ><div class=\"swiper-slide-contents\"><div class=\"elementor-slide-heading\">Tout comme l'eau potable, nous avons droit \u00e0 un air pur.<\/div><\/div><\/div><\/div><div class=\"elementor-repeater-item-62c7b73 swiper-slide\" role=\"group\" aria-roledescription=\"slide\"><div class=\"swiper-slide-bg elementor-ken-burns elementor-ken-burns--in\" role=\"img\" aria-label=\"slide06\"><\/div><div class=\"swiper-slide-inner\" ><div class=\"swiper-slide-contents\"><div class=\"elementor-slide-heading\">Les courants \u00e9oliens transportent l'air pollu\u00e9 jusque dans les r\u00e9gions polaires.<\/div><\/div><\/div><\/div><div class=\"elementor-repeater-item-18b8347 swiper-slide\" role=\"group\" aria-roledescription=\"slide\"><div class=\"swiper-slide-bg elementor-ken-burns elementor-ken-burns--in\" role=\"img\" aria-label=\"slide08\"><\/div><div class=\"swiper-slide-inner\" ><div class=\"swiper-slide-contents\"><div class=\"elementor-slide-heading\">Les plantes d\u00e9composent certains compos\u00e9s chimiques et purifient ainsi l'air.<\/div><\/div><\/div><\/div><div class=\"elementor-repeater-item-9a0a2d6 swiper-slide\" role=\"group\" aria-roledescription=\"slide\"><div class=\"swiper-slide-bg elementor-ken-burns elementor-ken-burns--in\" role=\"img\" aria-label=\"slide09\"><\/div><div class=\"swiper-slide-inner\" ><div class=\"swiper-slide-contents\"><div class=\"elementor-slide-heading\">Pour souligner les effets positifs des plantes, nous avons lanc\u00e9 le label \u00ab Breathe Nature \u00bb.<\/div><\/div><\/div><\/div><div class=\"elementor-repeater-item-b166eb4 swiper-slide\" role=\"group\" aria-roledescription=\"slide\"><div class=\"swiper-slide-bg elementor-ken-burns elementor-ken-burns--in\" role=\"img\" aria-label=\"uitzicht slaapkamer\"><\/div><div class=\"swiper-slide-inner\" ><div class=\"swiper-slide-contents\"><div class=\"elementor-slide-heading\">Gardez vos espaces de vie et de travail sains<\/div><\/div><\/div><\/div><div class=\"elementor-repeater-item-92d6dc8 swiper-slide\" role=\"group\" aria-roledescription=\"slide\"><div class=\"swiper-slide-bg elementor-ken-burns elementor-ken-burns--in\" role=\"img\" aria-label=\"slide11\"><\/div><div class=\"swiper-slide-inner\" ><div class=\"swiper-slide-contents\"><div class=\"elementor-slide-heading\">Prenez soin d'une de nos plantes \u00ab Breathe Nature \u00bb.<\/div><\/div><\/div><\/div>\t\t\t\t<\/div>\n\t\t\t\t\t\t\t\t\t\t\t\t\t\t\t<div class=\"elementor-swiper-button elementor-swiper-button-prev\" role=\"button\" tabindex=\"0\" aria-label=\"Previous slide\">\n\t\t\t\t\t\t\t<i aria-hidden=\"true\" class=\"eicon-chevron-left\"><\/i>\t\t\t\t\t\t<\/div>\n\t\t\t\t\t\t<div class=\"elementor-swiper-button elementor-swiper-button-next\" role=\"button\" tabindex=\"0\" aria-label=\"Next slide\">\n\t\t\t\t\t\t\t<i aria-hidden=\"true\" class=\"eicon-chevron-right\"><\/i>\t\t\t\t\t\t<\/div>\n\t\t\t\t\t\t\t\t\t\t\t\t\t\t\t\t<div class=\"swiper-pagination\"><\/div>\n\t\t\t\t\t\t\t\t\t\t\t\t<\/div>\n\t\t\t\t<\/div>\n\t\t\t\t\t\t\t\t<\/div>\n\t\t\t\t<\/div>\n\t\t\t\t<\/div>\n\t\t<div class=\"elementor-element elementor-element-d6f9ab7 e-flex e-con-boxed e-con e-parent\" data-id=\"d6f9ab7\" data-element_type=\"container\">\n\t\t\t\t\t<div class=\"e-con-inner\">\n\t\t\t\t<div class=\"elementor-element elementor-element-e0645ff elementor-widget elementor-widget-spacer\" data-id=\"e0645ff\" data-element_type=\"widget\" data-widget_type=\"spacer.default\">\n\t\t\t\t<div class=\"elementor-widget-container\">\n\t\t\t\t\t\t\t<div class=\"elementor-spacer\">\n\t\t\t<div class=\"elementor-spacer-inner\"><\/div>\n\t\t<\/div>\n\t\t\t\t\t\t<\/div>\n\t\t\t\t<\/div>\n\t\t\t\t\t<\/div>\n\t\t\t\t<\/div>\n\t\t<div class=\"elementor-element elementor-element-9ec02a0 e-flex e-con-boxed e-con e-parent\" data-id=\"9ec02a0\" data-element_type=\"container\" data-settings=\"{&quot;background_background&quot;:&quot;classic&quot;}\">\n\t\t\t\t\t<div class=\"e-con-inner\">\n\t\t<div class=\"elementor-element elementor-element-528ea10 e-flex e-con-boxed e-con e-child\" data-id=\"528ea10\" data-element_type=\"container\" data-settings=\"{&quot;background_background&quot;:&quot;classic&quot;}\">\n\t\t\t\t\t<div class=\"e-con-inner\">\n\t\t\t\t<div class=\"elementor-element elementor-element-a3b1656 elementor-widget elementor-widget-heading\" data-id=\"a3b1656\" data-element_type=\"widget\" data-widget_type=\"heading.default\">\n\t\t\t\t<div class=\"elementor-widget-container\">\n\t\t\t\t\t<h3 class=\"elementor-heading-title elementor-size-default\">Breathe nature collections<\/h3>\t\t\t\t<\/div>\n\t\t\t\t<\/div>\n\t\t\t\t<div class=\"elementor-element elementor-element-7386453 elementor-widget elementor-widget-shortcode\" data-id=\"7386453\" data-element_type=\"widget\" data-widget_type=\"shortcode.default\">\n\t\t\t\t<div class=\"elementor-widget-container\">\n\t\t\t\t\t\t\t<div class=\"elementor-shortcode\"><div id=\"appearhere\"><\/div><div class=\"breathe-wrap\">\n  <div class=\"breathe-inner\"><div class=\"breathe-bl\">\n      \t<a href=\"javascript:void(0);\" class=\"overlay\" data-link=\"https:\/\/www.demolfrank.be\/fr\/breathe-nature-plant\/muehlenbeckia-maori\/\">\n        \t\t<img decoding=\"async\" src=\"https:\/\/www.demolfrank.be\/wp-content\/uploads\/2023\/10\/Breathe-Nature-1-ons-merk-uitgelegd.png\">\n\t        <div class=\"breathe-title\">\n\t          <h4>Breathe Nature: notre label expliqu\u00e9<\/h4>\n\t        <\/div>\n      \t<\/a>\n    \t<\/div><div class=\"breathe-bl\">\n      \t<a href=\"javascript:void(0);\" class=\"overlay\" data-link=\"https:\/\/www.demolfrank.be\/fr\/breathe-nature-plant\/davallia-feejeensis\/\">\n        \t\t<img decoding=\"async\" src=\"https:\/\/www.demolfrank.be\/wp-content\/uploads\/2023\/10\/Breathe-Nature-2-jouw-beste-vriend-voor-altijd.png\">\n\t        <div class=\"breathe-title\">\n\t          <h4>Breathe Nature: votre meilleur ami pour toujours<\/h4>\n\t        <\/div>\n      \t<\/a>\n    \t<\/div><div class=\"breathe-bl\">\n      \t<a href=\"javascript:void(0);\" class=\"overlay\" data-link=\"https:\/\/www.demolfrank.be\/fr\/breathe-nature-plant\/breathe-nature-une-creation-damour-et-de-passion\/\">\n        \t\t<img decoding=\"async\" src=\"https:\/\/www.demolfrank.be\/wp-content\/uploads\/2023\/10\/Breathe-Nature-4-een-creatie-van-liefde-en-passie.png\">\n\t        <div class=\"breathe-title\">\n\t          <h4>Breathe Nature: une cr\u00e9ation d&#8217;amour et de passion<\/h4>\n\t        <\/div>\n      \t<\/a>\n    \t<\/div><div class=\"breathe-bl\">\n      \t<a href=\"javascript:void(0);\" class=\"overlay\" data-link=\"https:\/\/www.demolfrank.be\/fr\/breathe-nature-plant\/breathe-nature-pour-tous\/\">\n        \t\t<img decoding=\"async\" src=\"https:\/\/www.demolfrank.be\/wp-content\/uploads\/2023\/10\/Breathe-Nature-3-voor-iedereen.png\">\n\t        <div class=\"breathe-title\">\n\t          <h4>Breathe Nature: pour tous<\/h4>\n\t        <\/div>\n      \t<\/a>\n    \t<\/div><div class=\"breathe-bl\">\n      \t<a href=\"javascript:void(0);\" class=\"overlay\" data-link=\"https:\/\/www.demolfrank.be\/fr\/breathe-nature-plant\/breathe-nature-inspirer-et-soutenir\/\">\n        \t\t<img decoding=\"async\" src=\"https:\/\/www.demolfrank.be\/wp-content\/uploads\/2023\/10\/Breathe-Nature-5-inspireert-en-ondersteunt.png\">\n\t        <div class=\"breathe-title\">\n\t          <h4>Breathe Nature: inspirer et soutenir<\/h4>\n\t        <\/div>\n      \t<\/a>\n    \t<\/div><div class=\"breathe-bl\">\n      \t<a href=\"javascript:void(0);\" class=\"overlay\" data-link=\"https:\/\/www.demolfrank.be\/fr\/breathe-nature-plant\/breathe-nature-la-durabilite-dans-tout-ce-que-nous-faisons\/\">\n        \t\t<img decoding=\"async\" src=\"https:\/\/www.demolfrank.be\/wp-content\/uploads\/2023\/10\/Breathe-Nature-6-een-duurzaam-verhaal.png\">\n\t        <div class=\"breathe-title\">\n\t          <h4>Breathe Nature: la durabilit\u00e9 dans tout ce que nous faisons<\/h4>\n\t        <\/div>\n      \t<\/a>\n    \t<\/div><div class=\"breathe-bl\">\n      \t<a href=\"javascript:void(0);\" class=\"overlay\" data-link=\"https:\/\/www.demolfrank.be\/fr\/breathe-nature-plant\/breathe-nature-faites-disparaitre-les-substances-nocives\/\">\n        \t\t<img decoding=\"async\" src=\"https:\/\/www.demolfrank.be\/wp-content\/uploads\/2023\/10\/Breathe-Nature-7-laat-schadelijke-stoffen-verdwijnen.png\">\n\t        <div class=\"breathe-title\">\n\t          <h4>Breathe Nature: faites dispara\u00eetre les substances nocives<\/h4>\n\t        <\/div>\n      \t<\/a>\n    \t<\/div><\/div><\/div><\/div>\n\t\t\t\t\t\t<\/div>\n\t\t\t\t<\/div>\n\t\t\t\t\t<\/div>\n\t\t\t\t<\/div>\n\t\t<div class=\"elementor-element elementor-element-b307405 e-flex e-con-boxed e-con e-child\" data-id=\"b307405\" data-element_type=\"container\" data-settings=\"{&quot;background_background&quot;:&quot;classic&quot;}\">\n\t\t\t\t\t<div class=\"e-con-inner\">\n\t\t<div class=\"elementor-element elementor-element-6814226 e-flex e-con-boxed e-con e-child\" data-id=\"6814226\" data-element_type=\"container\" data-settings=\"{&quot;background_background&quot;:&quot;classic&quot;}\">\n\t\t\t\t\t<div class=\"e-con-inner\">\n\t\t\t\t<div class=\"elementor-element elementor-element-ff9cc0b elementor-widget elementor-widget-heading\" data-id=\"ff9cc0b\" data-element_type=\"widget\" data-widget_type=\"heading.default\">\n\t\t\t\t<div class=\"elementor-widget-container\">\n\t\t\t\t\t<h3 class=\"elementor-heading-title elementor-size-default\">Breathe Nature <\/h3>\t\t\t\t<\/div>\n\t\t\t\t<\/div>\n\t\t\t\t<div class=\"elementor-element elementor-element-f5d8eea elementor-widget elementor-widget-text-editor\" data-id=\"f5d8eea\" data-element_type=\"widget\" data-widget_type=\"text-editor.default\">\n\t\t\t\t<div class=\"elementor-widget-container\">\n\t\t\t\t\t\t\t\t\t<p>Chacun a droit \u00e0 un air sain, \u00e0 un environnement sain ! Et les plantes nous y aident. Nous savons tous que nous devons ch\u00e9rir nos arbres \u00e0 l&#8217;ext\u00e9rieur, mais les plantes contribuent \u00e9galement \u00e0 une qualit\u00e9 de vie saine \u00e0 l&#8217;int\u00e9rieur. Pour souligner les effets positifs des plantes sur nos espaces de vie, nous lan\u00e7ons \u00ab Breathe Nature \u00bb. Breathe Nature est une collection attrayante de plantes d&#8217;int\u00e9rieur. Ces plantes sont tr\u00e8s faciles \u00e0 entretenir et ont une influence positive sur la qualit\u00e9 de l&#8217;air dans le salon ou l&#8217;espace de travail o\u00f9 elles sont plac\u00e9es.<\/p>\t\t\t\t\t\t\t\t<\/div>\n\t\t\t\t<\/div>\n\t\t\t\t<div class=\"elementor-element elementor-element-074cc99 elementor-widget elementor-widget-heading\" data-id=\"074cc99\" data-element_type=\"widget\" data-widget_type=\"heading.default\">\n\t\t\t\t<div class=\"elementor-widget-container\">\n\t\t\t\t\t<h3 class=\"elementor-heading-title elementor-size-default\">Que fait Breathe Nature ?\n<\/h3>\t\t\t\t<\/div>\n\t\t\t\t<\/div>\n\t\t\t\t<div class=\"elementor-element elementor-element-8d2d786 elementor-widget elementor-widget-text-editor\" data-id=\"8d2d786\" data-element_type=\"widget\" data-widget_type=\"text-editor.default\">\n\t\t\t\t<div class=\"elementor-widget-container\">\n\t\t\t\t\t\t\t\t\t<p>Breathe Nature apporte la nature aux grossistes, proches et lointains. 95 % de nos plantes traversent les fronti\u00e8res vers plus de 12 pays de l&#8217;UE, o\u00f9 elles trouvent leur chemin vers les coins les plus verts de l&#8217;Europe. Nous sommes \u00e9galement fiers de desservir le Royaume-Uni.<\/p><p>En 2015, nous avons d\u00e9cid\u00e9 de cr\u00e9er notre propre identit\u00e9 et avons lanc\u00e9 la marque Breathe Nature. Nous avons ainsi donn\u00e9 un nom \u00e0 nos plantes, mais aussi un visage. Sous cette marque, vous trouverez un paradis tropical de plantes suspendues, telles que Ceropegia, Nepenthes, Senecio, Davallia et bien d&#8217;autres. Nous proposons \u00e9galement nos plantes en \u00ab marque blanche \u00bb.<\/p>\t\t\t\t\t\t\t\t<\/div>\n\t\t\t\t<\/div>\n\t\t\t\t<div class=\"elementor-element elementor-element-6a4bd59 elementor-widget elementor-widget-heading\" data-id=\"6a4bd59\" data-element_type=\"widget\" data-widget_type=\"heading.default\">\n\t\t\t\t<div class=\"elementor-widget-container\">\n\t\t\t\t\t<h3 class=\"elementor-heading-title elementor-size-default\">La th\u00e9orie de Breathe Nature<\/h3>\t\t\t\t<\/div>\n\t\t\t\t<\/div>\n\t\t\t\t<div class=\"elementor-element elementor-element-4db8d8f elementor-widget elementor-widget-text-editor\" data-id=\"4db8d8f\" data-element_type=\"widget\" data-widget_type=\"text-editor.default\">\n\t\t\t\t<div class=\"elementor-widget-container\">\n\t\t\t\t\t\t\t\t\t<p>Les plantes ne sont pas seulement un bel ajout \u00e0 votre int\u00e9rieur, elles fournissent \u00e9galement un air int\u00e9rieur frais et sain. En effet, des recherches montrent que certaines plantes sont sp\u00e9cialis\u00e9es dans la d\u00e9composition des substances nocives pr\u00e9sentes dans l&#8217;air. C&#8217;est ce qu&#8217;a d\u00e9couvert la NASA, qui cherche depuis 20 ans des moyens de maintenir l&#8217;air frais dans les capsules spatiales sans consommer d&#8217;\u00e9nergie. Leurs conclusions ? Les plantes peuvent d\u00e9composer les compos\u00e9s chimiques et purifier l&#8217;air.<\/p><p>Mais ce n&#8217;est pas tout. Les plantes jouent \u00e9galement un r\u00f4le important dans la r\u00e9gulation de l&#8217;humidit\u00e9. Cela permet d&#8217;am\u00e9liorer la qualit\u00e9 de l&#8217;air et de r\u00e9duire consid\u00e9rablement les troubles tels que la toux, les maux de t\u00eate et la s\u00e9cheresse des yeux.<\/p><p>Des recherches r\u00e9centes men\u00e9es en Australie ont montr\u00e9 que m\u00eame quelques plantes d&#8217;int\u00e9rieur peuvent faire une grande diff\u00e9rence pour la qualit\u00e9 de l&#8217;air. Dans des bureaux, elle a mesur\u00e9 le comportement de l&#8217;air avec et sans plantes, et avec et sans ventilation. Le r\u00e9sultat est clair : les plantes rendent l&#8217;air plus frais et plus sain, sans consommation d&#8217;\u00e9nergie suppl\u00e9mentaire.<\/p>\t\t\t\t\t\t\t\t<\/div>\n\t\t\t\t<\/div>\n\t\t\t\t<div class=\"elementor-element elementor-element-8a021ad elementor-widget elementor-widget-heading\" data-id=\"8a021ad\" data-element_type=\"widget\" data-widget_type=\"heading.default\">\n\t\t\t\t<div class=\"elementor-widget-container\">\n\t\t\t\t\t<h4 class=\"elementor-heading-title elementor-size-default\">Franc succ\u00e8s!<\/h4>\t\t\t\t<\/div>\n\t\t\t\t<\/div>\n\t\t\t\t\t<\/div>\n\t\t\t\t<\/div>\n\t\t\t\t\t<\/div>\n\t\t\t\t<\/div>\n\t\t\t\t\t<\/div>\n\t\t\t\t<\/div>\n\t\t\t\t<\/div>\n\t\t","protected":false},"excerpt":{"rendered":"<p>Chaque jour, nous respirons plus de 500 litres d&#8217;oxyg\u00e8ne pur !Un arbre peut absorber jusqu&#8217;\u00e0 20 kilogrammes de dioxyde de carbone par an.Nous savons tous que nous devons ch\u00e9rir nos arbres \u00e0 l&#8217;ext\u00e9rieur, mais les plantes contribuent \u00e9galement \u00e0 une qualit\u00e9 de vie saine \u00e0 l&#8217;int\u00e9rieur.Tout comme l&#8217;eau potable, nous avons droit \u00e0 un air &hellip; <a href=\"https:\/\/www.demolfrank.be\/fr\/breathe-nature-plant\/breathe-nature-faites-disparaitre-les-substances-nocives\/\" class=\"more-link\">Continue reading<span class=\"screen-reader-text\"> &#8220;Breathe Nature: faites dispara\u00eetre les substances nocives&#8221;<\/span><\/a><\/p>\n","protected":false},"author":1,"featured_media":0,"parent":0,"menu_order":0,"comment_status":"closed","ping_status":"closed","template":"","meta":{"_acf_changed":false,"footnotes":""},"class_list":["post-656","page","type-page","status-publish","hentry"],"acf":[],"yoast_head":"<!-- This site is optimized with the Yoast SEO plugin v26.5 - https:\/\/yoast.com\/wordpress\/plugins\/seo\/ -->\n<title>Breathe Nature - demolfrank<\/title>\n<meta name=\"robots\" content=\"index, follow, max-snippet:-1, max-image-preview:large, max-video-preview:-1\" \/>\n<link rel=\"canonical\" href=\"https:\/\/www.demolfrank.be\/fr\/breathe-nature\/\" \/>\n<meta property=\"og:locale\" content=\"fr_FR\" \/>\n<meta property=\"og:type\" content=\"article\" \/>\n<meta property=\"og:title\" content=\"Breathe Nature - demolfrank\" \/>\n<meta property=\"og:description\" content=\"Chaque jour, nous respirons plus de 500 litres d&#8217;oxyg\u00e8ne pur !Un arbre peut absorber jusqu&#8217;\u00e0 20 kilogrammes de dioxyde de carbone par an.Nous savons tous que nous devons ch\u00e9rir nos arbres \u00e0 l&#8217;ext\u00e9rieur, mais les plantes contribuent \u00e9galement \u00e0 une qualit\u00e9 de vie saine \u00e0 l&#8217;int\u00e9rieur.Tout comme l&#8217;eau potable, nous avons droit \u00e0 un air &hellip; Continue reading &quot;Breathe Nature: faites dispara\u00eetre les substances nocives&quot;\" \/>\n<meta property=\"og:url\" content=\"https:\/\/www.demolfrank.be\/fr\/breathe-nature\/\" \/>\n<meta property=\"og:site_name\" content=\"demolfrank\" \/>\n<meta property=\"article:modified_time\" content=\"2025-01-03T14:48:10+00:00\" \/>\n<meta name=\"twitter:card\" content=\"summary_large_image\" \/>\n<meta name=\"twitter:label1\" content=\"Est. reading time\" \/>\n\t<meta name=\"twitter:data1\" content=\"4 minutes\" \/>\n<script type=\"application\/ld+json\" class=\"yoast-schema-graph\">{\"@context\":\"https:\/\/schema.org\",\"@graph\":[{\"@type\":\"WebPage\",\"@id\":\"https:\/\/www.demolfrank.be\/fr\/breathe-nature\/\",\"url\":\"https:\/\/www.demolfrank.be\/fr\/breathe-nature\/\",\"name\":\"Breathe Nature - demolfrank\",\"isPartOf\":{\"@id\":\"https:\/\/www.demolfrank.be\/fr\/#website\"},\"datePublished\":\"2023-08-08T09:39:11+00:00\",\"dateModified\":\"2025-01-03T14:48:10+00:00\",\"breadcrumb\":{\"@id\":\"https:\/\/www.demolfrank.be\/fr\/breathe-nature\/#breadcrumb\"},\"inLanguage\":\"fr-FR\",\"potentialAction\":[{\"@type\":\"ReadAction\",\"target\":[\"https:\/\/www.demolfrank.be\/fr\/breathe-nature\/\"]}]},{\"@type\":\"BreadcrumbList\",\"@id\":\"https:\/\/www.demolfrank.be\/fr\/breathe-nature\/#breadcrumb\",\"itemListElement\":[{\"@type\":\"ListItem\",\"position\":1,\"name\":\"Home\",\"item\":\"https:\/\/www.demolfrank.be\/fr\/\"},{\"@type\":\"ListItem\",\"position\":2,\"name\":\"Breathe Nature\"}]},{\"@type\":\"WebSite\",\"@id\":\"https:\/\/www.demolfrank.be\/fr\/#website\",\"url\":\"https:\/\/www.demolfrank.be\/fr\/\",\"name\":\"demolfrank\",\"description\":\"\",\"publisher\":{\"@id\":\"https:\/\/www.demolfrank.be\/fr\/#organization\"},\"potentialAction\":[{\"@type\":\"SearchAction\",\"target\":{\"@type\":\"EntryPoint\",\"urlTemplate\":\"https:\/\/www.demolfrank.be\/fr\/?s={search_term_string}\"},\"query-input\":{\"@type\":\"PropertyValueSpecification\",\"valueRequired\":true,\"valueName\":\"search_term_string\"}}],\"inLanguage\":\"fr-FR\"},{\"@type\":\"Organization\",\"@id\":\"https:\/\/www.demolfrank.be\/fr\/#organization\",\"name\":\"demolfrank\",\"url\":\"https:\/\/www.demolfrank.be\/fr\/\",\"logo\":{\"@type\":\"ImageObject\",\"inLanguage\":\"fr-FR\",\"@id\":\"https:\/\/www.demolfrank.be\/fr\/#\/schema\/logo\/image\/\",\"url\":\"https:\/\/www.demolfrank.be\/wp-content\/uploads\/2023\/10\/logo2.png\",\"contentUrl\":\"https:\/\/www.demolfrank.be\/wp-content\/uploads\/2023\/10\/logo2.png\",\"width\":398,\"height\":116,\"caption\":\"demolfrank\"},\"image\":{\"@id\":\"https:\/\/www.demolfrank.be\/fr\/#\/schema\/logo\/image\/\"}}]}<\/script>\n<!-- \/ Yoast SEO plugin. -->","yoast_head_json":{"title":"Breathe Nature - demolfrank","robots":{"index":"index","follow":"follow","max-snippet":"max-snippet:-1","max-image-preview":"max-image-preview:large","max-video-preview":"max-video-preview:-1"},"canonical":"https:\/\/www.demolfrank.be\/fr\/breathe-nature\/","og_locale":"fr_FR","og_type":"article","og_title":"Breathe Nature - demolfrank","og_description":"Chaque jour, nous respirons plus de 500 litres d&#8217;oxyg\u00e8ne pur !Un arbre peut absorber jusqu&#8217;\u00e0 20 kilogrammes de dioxyde de carbone par an.Nous savons tous que nous devons ch\u00e9rir nos arbres \u00e0 l&#8217;ext\u00e9rieur, mais les plantes contribuent \u00e9galement \u00e0 une qualit\u00e9 de vie saine \u00e0 l&#8217;int\u00e9rieur.Tout comme l&#8217;eau potable, nous avons droit \u00e0 un air &hellip; Continue reading \"Breathe Nature: faites dispara\u00eetre les substances nocives\"","og_url":"https:\/\/www.demolfrank.be\/fr\/breathe-nature\/","og_site_name":"demolfrank","article_modified_time":"2025-01-03T14:48:10+00:00","twitter_card":"summary_large_image","twitter_misc":{"Est. reading time":"4 minutes"},"schema":{"@context":"https:\/\/schema.org","@graph":[{"@type":"WebPage","@id":"https:\/\/www.demolfrank.be\/fr\/breathe-nature\/","url":"https:\/\/www.demolfrank.be\/fr\/breathe-nature\/","name":"Breathe Nature - demolfrank","isPartOf":{"@id":"https:\/\/www.demolfrank.be\/fr\/#website"},"datePublished":"2023-08-08T09:39:11+00:00","dateModified":"2025-01-03T14:48:10+00:00","breadcrumb":{"@id":"https:\/\/www.demolfrank.be\/fr\/breathe-nature\/#breadcrumb"},"inLanguage":"fr-FR","potentialAction":[{"@type":"ReadAction","target":["https:\/\/www.demolfrank.be\/fr\/breathe-nature\/"]}]},{"@type":"BreadcrumbList","@id":"https:\/\/www.demolfrank.be\/fr\/breathe-nature\/#breadcrumb","itemListElement":[{"@type":"ListItem","position":1,"name":"Home","item":"https:\/\/www.demolfrank.be\/fr\/"},{"@type":"ListItem","position":2,"name":"Breathe Nature"}]},{"@type":"WebSite","@id":"https:\/\/www.demolfrank.be\/fr\/#website","url":"https:\/\/www.demolfrank.be\/fr\/","name":"demolfrank","description":"","publisher":{"@id":"https:\/\/www.demolfrank.be\/fr\/#organization"},"potentialAction":[{"@type":"SearchAction","target":{"@type":"EntryPoint","urlTemplate":"https:\/\/www.demolfrank.be\/fr\/?s={search_term_string}"},"query-input":{"@type":"PropertyValueSpecification","valueRequired":true,"valueName":"search_term_string"}}],"inLanguage":"fr-FR"},{"@type":"Organization","@id":"https:\/\/www.demolfrank.be\/fr\/#organization","name":"demolfrank","url":"https:\/\/www.demolfrank.be\/fr\/","logo":{"@type":"ImageObject","inLanguage":"fr-FR","@id":"https:\/\/www.demolfrank.be\/fr\/#\/schema\/logo\/image\/","url":"https:\/\/www.demolfrank.be\/wp-content\/uploads\/2023\/10\/logo2.png","contentUrl":"https:\/\/www.demolfrank.be\/wp-content\/uploads\/2023\/10\/logo2.png","width":398,"height":116,"caption":"demolfrank"},"image":{"@id":"https:\/\/www.demolfrank.be\/fr\/#\/schema\/logo\/image\/"}}]}},"_links":{"self":[{"href":"https:\/\/www.demolfrank.be\/fr\/wp-json\/wp\/v2\/pages\/656","targetHints":{"allow":["GET"]}}],"collection":[{"href":"https:\/\/www.demolfrank.be\/fr\/wp-json\/wp\/v2\/pages"}],"about":[{"href":"https:\/\/www.demolfrank.be\/fr\/wp-json\/wp\/v2\/types\/page"}],"author":[{"embeddable":true,"href":"https:\/\/www.demolfrank.be\/fr\/wp-json\/wp\/v2\/users\/1"}],"replies":[{"embeddable":true,"href":"https:\/\/www.demolfrank.be\/fr\/wp-json\/wp\/v2\/comments?post=656"}],"version-history":[{"count":0,"href":"https:\/\/www.demolfrank.be\/fr\/wp-json\/wp\/v2\/pages\/656\/revisions"}],"wp:attachment":[{"href":"https:\/\/www.demolfrank.be\/fr\/wp-json\/wp\/v2\/media?parent=656"}],"curies":[{"name":"wp","href":"https:\/\/api.w.org\/{rel}","templated":true}]}}